{"id":13708,"date":"2014-03-25T11:23:18","date_gmt":"2014-03-25T11:23:18","guid":{"rendered":"http:\/\/demo.qodeinteractive.com\/bridge\/?page_id=13708"},"modified":"2014-03-25T11:23:18","modified_gmt":"2014-03-25T11:23:18","slug":"latest-posts-small-image","status":"publish","type":"page","link":"https:\/\/gardengolf.eu\/en\/latest-posts-small-image\/","title":{"rendered":"Latest Posts Small Image"},"content":{"rendered":"<section class=\"wpb-content-wrapper\"><p>[vc_row row_type=&#8221;row&#8221; type=&#8221;grid&#8221; text_align=&#8221;left&#8221; padding_top=&#8221;87&#8243; padding_bottom=&#8221;30&#8243; background_color=&#8221;#ffffff&#8221;][vc_column width=&#8221;1\/1&#8243;][vc_column_text]<\/p>\n<h2 style=\"text-align: center;\">Latest Posts Shortcode<\/h2>\n<p>[\/vc_column_text][vc_separator type=&#8221;small&#8221; position=&#8221;center&#8221; down=&#8221;38&#8243; up=&#8221;7&#8243;][vc_column_text]<\/p>\n<h4 style=\"text-align: center;\">Carefully crafted elements come together into one amazing design.<\/h4>\n<p>[\/vc_column_text][vc_separator type=&#8221;transparent&#8221; position=&#8221;center&#8221; up=&#8221;62&#8243; down=&#8221;15&#8243;][vc_row_inner][vc_column_inner width=&#8221;1\/2&#8243;]\n<div class='latest_post_holder image_in_box  ' >\n    <ul>\n    \n        <li class=\"clearfix\">\n            <div class=\"latest_post\"  >\n                <div class=\"latest_post_image clearfix\">\n                    <a itemprop=\"url\" href=\"https:\/\/gardengolf.eu\/en\/when-i-met-gary\/\">\n                                                <img decoding=\"async\" itemprop=\"image\" src=\"https:\/\/gardengolf.eu\/wp-content\/uploads\/2018\/07\/gardengolf-when-i-meet-700x339-150x150.jpg\" alt=\"\" \/>\n                    <\/a>\n                <\/div>\n\n\n                <div class=\"latest_post_text\">\n                    <div class=\"latest_post_inner\">\n                        <div class=\"latest_post_text_inner\">\n                            <h5 itemprop=\"name\" class=\"latest_post_title entry_title\"><a itemprop=\"url\" href=\"https:\/\/gardengolf.eu\/en\/when-i-met-gary\/\">WHEN I MET GARY<\/a><\/h5>\n                            <p class=\"excerpt\">A continuaci\u00f3n, la reproducci\u00f3n de la carta publicada en la web de Gary Player. This is a story that my father always re...<\/p>\n                            <span class=\"post_infos\">\n                                                                    <span class=\"date_hour_holder\">\n                                        <span itemprop=\"dateCreated\" class=\"date entry_date updated\">26 October, 2015 <meta itemprop=\"interactionCount\" content=\"UserComments: 0\"\/><\/span>\n                                    <\/span>\n                                \n                                \n                                \n                                    <span class=\"dots\"><i class=\"fa fa-square\"><\/i><\/span>\n                                    <a itemprop=\"url\" class=\"post_comments\" href=\"https:\/\/gardengolf.eu\/en\/when-i-met-gary\/#respond\">No comment<\/a>\n                                \n                                \n                                                            <\/span>\n                        <\/div>\n                    <\/div>\n                <\/div>\n            <\/div>\n        <\/li>\n        \n        <li class=\"clearfix\">\n            <div class=\"latest_post\"  >\n                <div class=\"latest_post_image clearfix\">\n                    <a itemprop=\"url\" href=\"https:\/\/gardengolf.eu\/en\/vivero-en-la-rshecc-realizado-por-garden-golf\/\">\n                                                <img decoding=\"async\" itemprop=\"image\" src=\"https:\/\/gardengolf.eu\/wp-content\/uploads\/2018\/09\/P1120950-150x150.jpg\" alt=\"\" \/>\n                    <\/a>\n                <\/div>\n\n\n                <div class=\"latest_post_text\">\n                    <div class=\"latest_post_inner\">\n                        <div class=\"latest_post_text_inner\">\n                            <h5 itemprop=\"name\" class=\"latest_post_title entry_title\"><a itemprop=\"url\" href=\"https:\/\/gardengolf.eu\/en\/vivero-en-la-rshecc-realizado-por-garden-golf\/\">VIVERO EN LA RSHECC REALIZADO POR GARDEN &#038; GOLF<\/a><\/h5>\n                            <p class=\"excerpt\">Garden &amp; Golf, ha terminado recientemente la construcci\u00f3n integral de un vivero en la Real Sociedad H\u00edpica Espa\u00f1ola ...<\/p>\n                            <span class=\"post_infos\">\n                                                                    <span class=\"date_hour_holder\">\n                                        <span itemprop=\"dateCreated\" class=\"date entry_date updated\">09 May, 2017 <meta itemprop=\"interactionCount\" content=\"UserComments: 0\"\/><\/span>\n                                    <\/span>\n                                \n                                \n                                \n                                    <span class=\"dots\"><i class=\"fa fa-square\"><\/i><\/span>\n                                    <a itemprop=\"url\" class=\"post_comments\" href=\"https:\/\/gardengolf.eu\/en\/vivero-en-la-rshecc-realizado-por-garden-golf\/#respond\">No comment<\/a>\n                                \n                                \n                                                            <\/span>\n                        <\/div>\n                    <\/div>\n                <\/div>\n            <\/div>\n        <\/li>\n        \n        <li class=\"clearfix\">\n            <div class=\"latest_post\"  >\n                <div class=\"latest_post_image clearfix\">\n                    <a itemprop=\"url\" href=\"https:\/\/gardengolf.eu\/en\/slottica-casino-polska\/\">\n                                                <img decoding=\"async\" itemprop=\"image\" src=\"\" alt=\"\" \/>\n                    <\/a>\n                <\/div>\n\n\n                <div class=\"latest_post_text\">\n                    <div class=\"latest_post_inner\">\n                        <div class=\"latest_post_text_inner\">\n                            <h5 itemprop=\"name\" class=\"latest_post_title entry_title\"><a itemprop=\"url\" href=\"https:\/\/gardengolf.eu\/en\/slottica-casino-polska\/\">Slottica Casino Polska<\/a><\/h5>\n                            <p class=\"excerpt\">Slottica Casino Polska Odkryj ekscytuj\u0105cy \u015bwiat rozrywki online w kasynie Slottica! Slottica to dynamicznie rozwijaj\u0105ce ...<\/p>\n                            <span class=\"post_infos\">\n                                                                    <span class=\"date_hour_holder\">\n                                        <span itemprop=\"dateCreated\" class=\"date entry_date updated\">13 August, 2018 <meta itemprop=\"interactionCount\" content=\"UserComments: 0\"\/><\/span>\n                                    <\/span>\n                                \n                                \n                                \n                                    <span class=\"dots\"><i class=\"fa fa-square\"><\/i><\/span>\n                                    <a itemprop=\"url\" class=\"post_comments\" href=\"https:\/\/gardengolf.eu\/en\/slottica-casino-polska\/#respond\">No comment<\/a>\n                                \n                                \n                                                            <\/span>\n                        <\/div>\n                    <\/div>\n                <\/div>\n            <\/div>\n        <\/li>\n        \n        <li class=\"clearfix\">\n            <div class=\"latest_post\"  >\n                <div class=\"latest_post_image clearfix\">\n                    <a itemprop=\"url\" href=\"https:\/\/gardengolf.eu\/en\/sistema-de-riego-definitivo-del-estadio-de-futbol-del-real-madrid-santiago-bernabeu-realizado-por-garden-golf\/\">\n                                                <img decoding=\"async\" itemprop=\"image\" src=\"https:\/\/gardengolf.eu\/wp-content\/uploads\/2022\/08\/20220825_095800-150x150.jpg\" alt=\"\" \/>\n                    <\/a>\n                <\/div>\n\n\n                <div class=\"latest_post_text\">\n                    <div class=\"latest_post_inner\">\n                        <div class=\"latest_post_text_inner\">\n                            <h5 itemprop=\"name\" class=\"latest_post_title entry_title\"><a itemprop=\"url\" href=\"https:\/\/gardengolf.eu\/en\/sistema-de-riego-definitivo-del-estadio-de-futbol-del-real-madrid-santiago-bernabeu-realizado-por-garden-golf\/\">SISTEMA DE RIEGO DEFINITIVO DEL ESTADIO DE F\u00daTBOL DEL <strong>REAL MADRID<\/strong> (SANTIAGO BERNABEU) REALIZADO POR <strong>GARDEN &#038; GOLF<\/strong><\/a><\/h5>\n                            <p class=\"excerpt\">Un a\u00f1o m\u00e1s y por tercer a\u00f1o consecutivo, Garden &amp; Golf ha vuelto a ser la Empresa seleccionada para instalar el sist...<\/p>\n                            <span class=\"post_infos\">\n                                                                    <span class=\"date_hour_holder\">\n                                        <span itemprop=\"dateCreated\" class=\"date entry_date updated\">31 August, 2022 <meta itemprop=\"interactionCount\" content=\"UserComments: 0\"\/><\/span>\n                                    <\/span>\n                                \n                                \n                                \n                                    <span class=\"dots\"><i class=\"fa fa-square\"><\/i><\/span>\n                                    <a itemprop=\"url\" class=\"post_comments\" href=\"https:\/\/gardengolf.eu\/en\/sistema-de-riego-definitivo-del-estadio-de-futbol-del-real-madrid-santiago-bernabeu-realizado-por-garden-golf\/#respond\">No comment<\/a>\n                                \n                                \n                                                            <\/span>\n                        <\/div>\n                    <\/div>\n                <\/div>\n            <\/div>\n        <\/li>\n        \n    <\/ul>\n<\/div>[vc_separator type=&#8221;transparent&#8221; position=&#8221;center&#8221; up=&#8221;52&#8243; down=&#8221;0&#8243;][\/vc_column_inner][vc_column_inner width=&#8221;1\/2&#8243;]\n<div class='latest_post_holder image_in_box  ' >\n    <ul>\n    \n        <li class=\"clearfix\">\n            <div class=\"latest_post\"  >\n                <div class=\"latest_post_image clearfix\">\n                    <a itemprop=\"url\" href=\"https:\/\/gardengolf.eu\/en\/real-golf-de-pedrena-un-hoyo-para-la-historia\/\">\n                                                <img decoding=\"async\" itemprop=\"image\" src=\"https:\/\/gardengolf.eu\/wp-content\/uploads\/2014\/11\/38-150x150.jpg\" alt=\"\" \/>\n                    <\/a>\n                <\/div>\n\n\n                <div class=\"latest_post_text\">\n                    <div class=\"latest_post_inner\">\n                        <div class=\"latest_post_text_inner\">\n                            <h5 itemprop=\"name\" class=\"latest_post_title entry_title\"><a itemprop=\"url\" href=\"https:\/\/gardengolf.eu\/en\/real-golf-de-pedrena-un-hoyo-para-la-historia\/\">\u201cREAL GOLF DE PEDRE\u00d1A\u201d UN HOYO PARA LA HISTORIA<\/a><\/h5>\n                            <p class=\"excerpt\">El dise\u00f1o realizado por el arquitecto de golf David Willians incluye la completa transformaci\u00f3n del hoyo 10 del recorrid...<\/p>\n                            <span class=\"post_infos\">\n                                                                    <span class=\"date_hour_holder\">\n                                        <span itemprop=\"dateCreated\" class=\"date entry_date updated\">21 October, 2014 <meta itemprop=\"interactionCount\" content=\"UserComments: 0\"\/><\/span>\n                                    <\/span>\n                                \n                                \n                                \n                                    <span class=\"dots\"><i class=\"fa fa-square\"><\/i><\/span>\n                                    <a itemprop=\"url\" class=\"post_comments\" href=\"https:\/\/gardengolf.eu\/en\/real-golf-de-pedrena-un-hoyo-para-la-historia\/#respond\">No comment<\/a>\n                                \n                                \n                                                            <\/span>\n                        <\/div>\n                    <\/div>\n                <\/div>\n            <\/div>\n        <\/li>\n        \n        <li class=\"clearfix\">\n            <div class=\"latest_post\"  >\n                <div class=\"latest_post_image clearfix\">\n                    <a itemprop=\"url\" href=\"https:\/\/gardengolf.eu\/en\/garden-golf-completa-en-tiempo-record-la-nueva-pista-de-croquet-para-el-real-club-la-moraleja-ii\/\">\n                                                <img decoding=\"async\" itemprop=\"image\" src=\"https:\/\/gardengolf.eu\/wp-content\/uploads\/2023\/12\/WhatsApp-Image-2023-12-01-at-16.29.04-150x150.jpeg\" alt=\"\" \/>\n                    <\/a>\n                <\/div>\n\n\n                <div class=\"latest_post_text\">\n                    <div class=\"latest_post_inner\">\n                        <div class=\"latest_post_text_inner\">\n                            <h5 itemprop=\"name\" class=\"latest_post_title entry_title\"><a itemprop=\"url\" href=\"https:\/\/gardengolf.eu\/en\/garden-golf-completa-en-tiempo-record-la-nueva-pista-de-croquet-para-el-real-club-la-moraleja-ii\/\"><strong>GARDEN &#038; GOLF<\/strong> COMPLETA EN TIEMPO RECORD LA NUEVA PISTA DE CROQUET PARA EL <strong>REAL CLUB LA MORALEJA II<\/strong><\/a><\/h5>\n                            <p class=\"excerpt\">La prestigiosa empresa especializada en construcci\u00f3n de instalaciones deportivas,\u00a0Garden &amp; Golf, ha culminado con \u00e9x...<\/p>\n                            <span class=\"post_infos\">\n                                                                    <span class=\"date_hour_holder\">\n                                        <span itemprop=\"dateCreated\" class=\"date entry_date updated\">12 December, 2023 <meta itemprop=\"interactionCount\" content=\"UserComments: 0\"\/><\/span>\n                                    <\/span>\n                                \n                                \n                                \n                                    <span class=\"dots\"><i class=\"fa fa-square\"><\/i><\/span>\n                                    <a itemprop=\"url\" class=\"post_comments\" href=\"https:\/\/gardengolf.eu\/en\/garden-golf-completa-en-tiempo-record-la-nueva-pista-de-croquet-para-el-real-club-la-moraleja-ii\/#respond\">No comment<\/a>\n                                \n                                \n                                                            <\/span>\n                        <\/div>\n                    <\/div>\n                <\/div>\n            <\/div>\n        <\/li>\n        \n        <li class=\"clearfix\">\n            <div class=\"latest_post\"  >\n                <div class=\"latest_post_image clearfix\">\n                    <a itemprop=\"url\" href=\"https:\/\/gardengolf.eu\/en\/garden-golf-finaliza-la-reforma-de-los-segundos-9-hoyos-de-el-bosque-club-de-golf\/\">\n                                                <img decoding=\"async\" itemprop=\"image\" src=\"https:\/\/gardengolf.eu\/wp-content\/uploads\/2021\/09\/IMG_2504-150x150.jpg\" alt=\"\" \/>\n                    <\/a>\n                <\/div>\n\n\n                <div class=\"latest_post_text\">\n                    <div class=\"latest_post_inner\">\n                        <div class=\"latest_post_text_inner\">\n                            <h5 itemprop=\"name\" class=\"latest_post_title entry_title\"><a itemprop=\"url\" href=\"https:\/\/gardengolf.eu\/en\/garden-golf-finaliza-la-reforma-de-los-segundos-9-hoyos-de-el-bosque-club-de-golf\/\"><strong>GARDEN &#038; GOLF<\/strong> FINALIZA LA REFORMA DE LOS SEGUNDOS 9 HOYOS DE <strong>EL BOSQUE CLUB DE GOLF<\/strong><\/a><\/h5>\n                            <p class=\"excerpt\">Garden &amp; Golf, por segundo a\u00f1o consecutivo, ha realizado reforma integral de 9 hoyos del recorrido de El Bosque Club...<\/p>\n                            <span class=\"post_infos\">\n                                                                    <span class=\"date_hour_holder\">\n                                        <span itemprop=\"dateCreated\" class=\"date entry_date updated\">30 July, 2021 <meta itemprop=\"interactionCount\" content=\"UserComments: 0\"\/><\/span>\n                                    <\/span>\n                                \n                                \n                                \n                                    <span class=\"dots\"><i class=\"fa fa-square\"><\/i><\/span>\n                                    <a itemprop=\"url\" class=\"post_comments\" href=\"https:\/\/gardengolf.eu\/en\/garden-golf-finaliza-la-reforma-de-los-segundos-9-hoyos-de-el-bosque-club-de-golf\/#respond\">No comment<\/a>\n                                \n                                \n                                                            <\/span>\n                        <\/div>\n                    <\/div>\n                <\/div>\n            <\/div>\n        <\/li>\n        \n        <li class=\"clearfix\">\n            <div class=\"latest_post\"  >\n                <div class=\"latest_post_image clearfix\">\n                    <a itemprop=\"url\" href=\"https:\/\/gardengolf.eu\/en\/garden-golf-moderniza-el-sistema-de-riego-del-hoyo-8-de-la-real-sociedad-de-golf-de-neguri\/\">\n                                                <img decoding=\"async\" itemprop=\"image\" src=\"https:\/\/gardengolf.eu\/wp-content\/uploads\/2025\/10\/dji_fly_20250918_121546_0397_1758388327280_photo-150x150.jpg\" alt=\"\" \/>\n                    <\/a>\n                <\/div>\n\n\n                <div class=\"latest_post_text\">\n                    <div class=\"latest_post_inner\">\n                        <div class=\"latest_post_text_inner\">\n                            <h5 itemprop=\"name\" class=\"latest_post_title entry_title\"><a itemprop=\"url\" href=\"https:\/\/gardengolf.eu\/en\/garden-golf-moderniza-el-sistema-de-riego-del-hoyo-8-de-la-real-sociedad-de-golf-de-neguri\/\"><strong>GARDEN &#038; GOLF<\/strong> MODERNIZA EL SISTEMA DE RIEGO DEL HOYO 8 DE LA <strong>REAL SOCIEDAD DE GOLF DE NEGURI<\/strong><\/a><\/h5>\n                            <p class=\"excerpt\">Garden &amp; Golf ha realizado con \u00e9xito la reforma del sistema de riego del hoyo 8 en la prestigiosa Real Sociedad de G...<\/p>\n                            <span class=\"post_infos\">\n                                                                    <span class=\"date_hour_holder\">\n                                        <span itemprop=\"dateCreated\" class=\"date entry_date updated\">15 September, 2025 <meta itemprop=\"interactionCount\" content=\"UserComments: 0\"\/><\/span>\n                                    <\/span>\n                                \n                                \n                                \n                                    <span class=\"dots\"><i class=\"fa fa-square\"><\/i><\/span>\n                                    <a itemprop=\"url\" class=\"post_comments\" href=\"https:\/\/gardengolf.eu\/en\/garden-golf-moderniza-el-sistema-de-riego-del-hoyo-8-de-la-real-sociedad-de-golf-de-neguri\/#respond\">No comment<\/a>\n                                \n                                \n                                                            <\/span>\n                        <\/div>\n                    <\/div>\n                <\/div>\n            <\/div>\n        <\/li>\n        \n    <\/ul>\n<\/div>[vc_separator type=&#8221;transparent&#8221; position=&#8221;center&#8221; up=&#8221;52&#8243; down=&#8221;0&#8243;][\/vc_column_inner][\/vc_row_inner][\/vc_column][\/vc_row]<\/p>\n<\/section>","protected":false},"excerpt":{"rendered":"<p>[vc_row row_type=&#8221;row&#8221; type=&#8221;grid&#8221; text_align=&#8221;left&#8221; padding_top=&#8221;87&#8243; padding_bottom=&#8221;30&#8243; background_color=&#8221;#ffffff&#8221;][vc_column width=&#8221;1\/1&#8243;][vc_column_text] Latest Posts Shortcode [\/vc_column_text][vc_separator type=&#8221;small&#8221; position=&#8221;center&#8221; down=&#8221;38&#8243; up=&#8221;7&#8243;][vc_column_text] Carefully crafted elements come together into one amazing design. [\/vc_column_text][vc_separator type=&#8221;transparent&#8221; position=&#8221;center&#8221; up=&#8221;62&#8243; down=&#8221;15&#8243;][vc_row_inner][vc_column_inner width=&#8221;1\/2&#8243;][vc_separator type=&#8221;transparent&#8221; position=&#8221;center&#8221; up=&#8221;52&#8243; down=&#8221;0&#8243;][\/vc_column_inner][vc_column_inner width=&#8221;1\/2&#8243;][vc_separator type=&#8221;transparent&#8221; position=&#8221;center&#8221; up=&#8221;52&#8243; down=&#8221;0&#8243;][\/vc_column_inner][\/vc_row_inner][\/vc_column][\/vc_row]<\/p>\n","protected":false},"author":1,"featured_media":0,"parent":0,"menu_order":0,"comment_status":"open","ping_status":"open","template":"full_width.php","meta":{"_acf_changed":false,"footnotes":""},"class_list":["post-13708","page","type-page","status-publish","hentry"],"translation":{"provider":"WPGlobus","version":"3.0.0","language":"en","enabled_languages":["es","en","fr"],"languages":{"es":{"title":true,"content":true,"excerpt":false},"en":{"title":false,"content":false,"excerpt":false},"fr":{"title":false,"content":false,"excerpt":false}}},"acf":[],"_links":{"self":[{"href":"https:\/\/gardengolf.eu\/en\/wp-json\/wp\/v2\/pages\/13708","targetHints":{"allow":["GET"]}}],"collection":[{"href":"https:\/\/gardengolf.eu\/en\/wp-json\/wp\/v2\/pages"}],"about":[{"href":"https:\/\/gardengolf.eu\/en\/wp-json\/wp\/v2\/types\/page"}],"author":[{"embeddable":true,"href":"https:\/\/gardengolf.eu\/en\/wp-json\/wp\/v2\/users\/1"}],"replies":[{"embeddable":true,"href":"https:\/\/gardengolf.eu\/en\/wp-json\/wp\/v2\/comments?post=13708"}],"version-history":[{"count":0,"href":"https:\/\/gardengolf.eu\/en\/wp-json\/wp\/v2\/pages\/13708\/revisions"}],"wp:attachment":[{"href":"https:\/\/gardengolf.eu\/en\/wp-json\/wp\/v2\/media?parent=13708"}],"curies":[{"name":"wp","href":"https:\/\/api.w.org\/{rel}","templated":true}]}}