{"id":15143,"date":"2018-07-03T16:58:55","date_gmt":"2018-07-03T16:58:55","guid":{"rendered":"https:\/\/gardengolf.eu\/?page_id=15143"},"modified":"2018-07-03T17:00:42","modified_gmt":"2018-07-03T17:00:42","slug":"politica-de-cookies","status":"publish","type":"page","link":"https:\/\/gardengolf.eu\/en\/politica-de-cookies\/","title":{"rendered":"Pol\u00edtica de Cookies"},"content":{"rendered":"<section class=\"wpb-content-wrapper\"><p>[vc_row css_animation=&#8221;&#8221; row_type=&#8221;row&#8221; use_row_as_full_screen_section=&#8221;no&#8221; type=&#8221;grid&#8221; angled_section=&#8221;no&#8221; text_align=&#8221;left&#8221; background_image_as_pattern=&#8221;without_pattern&#8221; background_color=&#8221;#ffffff&#8221; padding_top=&#8221;87&#8243; padding_bottom=&#8221;95&#8243;][vc_column][vc_column_text]Nuestras cookies s\u00f3lo le har\u00e1n la navegaci\u00f3n m\u00e1s sencilla y medir las visitas a la p\u00e1gina. Nuestra intenci\u00f3n no es recoger datos de car\u00e1cter personal ni realizar acciones de marketing. Una cookie no es una galletita, es un fichero que se inserta en el ordenador con m\u00faltiples finalidades. Por eso, hay muchos tipos de cookies. La legislaci\u00f3n nos obliga a informar de su utilizaci\u00f3n para que el usuario pueda en todo momento, desactivarlas de su navegador y borrarlas de su equipo.<\/p>\n<p>Borrar las cookies de un equipo es sencillo: basta con acudir a la opci\u00f3n \u201cHerramientas\u201d, a continuaci\u00f3n \u201copciones de internet\u201d donde en el apartado \u201carchivos temporales\u201d se ofrece la posibilidad de Eliminar Cookies. Tambi\u00e9n se pueden desactivar las cookies en los diferentes navegadores.<\/p>\n<p>Las cookies que utilizamos en esta web son b\u00e1sicamente:<\/p>\n<p>\u2013<strong> Cookies de navegaci\u00f3n<\/strong> que har\u00e1n que la navegaci\u00f3n sea m\u00e1s \u00e1gil y el pa\u00eds de origen.<\/p>\n<p>\u2013<strong> Cookies de Google Analytics<\/strong> que nos permitir\u00e1n obtener estad\u00edsticas de visitas a la web y tomar decisiones que mejoren la web y los contenidos. Dichas estad\u00edsticas siempre son an\u00f3nimas.[\/vc_column_text][\/vc_column][\/vc_row]<\/p>\n<\/section>","protected":false},"excerpt":{"rendered":"<p>[vc_row css_animation=&#8221;&#8221; row_type=&#8221;row&#8221; use_row_as_full_screen_section=&#8221;no&#8221; type=&#8221;grid&#8221; angled_section=&#8221;no&#8221; text_align=&#8221;left&#8221; background_image_as_pattern=&#8221;without_pattern&#8221; background_color=&#8221;#ffffff&#8221; padding_top=&#8221;87&#8243; padding_bottom=&#8221;95&#8243;][vc_column][vc_column_text]Nuestras cookies s\u00f3lo le har\u00e1n la navegaci\u00f3n m\u00e1s sencilla y medir las visitas a la p\u00e1gina. Nuestra intenci\u00f3n no es recoger datos de car\u00e1cter personal ni realizar acciones de marketing. Una cookie no es una&#8230;<\/p>\n","protected":false},"author":1,"featured_media":0,"parent":0,"menu_order":0,"comment_status":"open","ping_status":"open","template":"full_width.php","meta":{"_acf_changed":false,"footnotes":""},"class_list":["post-15143","page","type-page","status-publish","hentry"],"translation":{"provider":"WPGlobus","version":"3.0.0","language":"en","enabled_languages":["es","en","fr"],"languages":{"es":{"title":true,"content":true,"excerpt":false},"en":{"title":false,"content":false,"excerpt":false},"fr":{"title":false,"content":false,"excerpt":false}}},"acf":[],"_links":{"self":[{"href":"https:\/\/gardengolf.eu\/en\/wp-json\/wp\/v2\/pages\/15143","targetHints":{"allow":["GET"]}}],"collection":[{"href":"https:\/\/gardengolf.eu\/en\/wp-json\/wp\/v2\/pages"}],"about":[{"href":"https:\/\/gardengolf.eu\/en\/wp-json\/wp\/v2\/types\/page"}],"author":[{"embeddable":true,"href":"https:\/\/gardengolf.eu\/en\/wp-json\/wp\/v2\/users\/1"}],"replies":[{"embeddable":true,"href":"https:\/\/gardengolf.eu\/en\/wp-json\/wp\/v2\/comments?post=15143"}],"version-history":[{"count":6,"href":"https:\/\/gardengolf.eu\/en\/wp-json\/wp\/v2\/pages\/15143\/revisions"}],"predecessor-version":[{"id":16204,"href":"https:\/\/gardengolf.eu\/en\/wp-json\/wp\/v2\/pages\/15143\/revisions\/16204"}],"wp:attachment":[{"href":"https:\/\/gardengolf.eu\/en\/wp-json\/wp\/v2\/media?parent=15143"}],"curies":[{"name":"wp","href":"https:\/\/api.w.org\/{rel}","templated":true}]}}