{"id":13687,"date":"2014-03-25T10:53:32","date_gmt":"2014-03-25T10:53:32","guid":{"rendered":"http:\/\/demo.qodeinteractive.com\/bridge\/?page_id=13687"},"modified":"2014-03-25T10:53:32","modified_gmt":"2014-03-25T10:53:32","slug":"latest-posts-boxes","status":"publish","type":"page","link":"https:\/\/gardengolf.eu\/fr\/latest-posts-boxes\/","title":{"rendered":"Latest Posts Boxes"},"content":{"rendered":"<section class=\"wpb-content-wrapper\"><p>[vc_row row_type=\u00a0\u00bbrow\u00a0\u00bb type=\u00a0\u00bbgrid\u00a0\u00bb text_align=\u00a0\u00bbleft\u00a0\u00bb padding_top=\u00a0\u00bb87&Prime; padding_bottom=\u00a0\u00bb30&Prime;][vc_column width=\u00a0\u00bb1\/1&Prime;][vc_column_text]<\/p>\n<h2 style=\"text-align: center;\">Latest Posts Shortcode<\/h2>\n<p>[\/vc_column_text][vc_separator type=\u00a0\u00bbsmall\u00a0\u00bb position=\u00a0\u00bbcenter\u00a0\u00bb down=\u00a0\u00bb38&Prime; up=\u00a0\u00bb7&Prime;][vc_column_text]<\/p>\n<h4 style=\"text-align: center;\">Carefully crafted elements come together into one amazing design.<\/h4>\n<p>[\/vc_column_text][vc_separator type=\u00a0\u00bbtransparent\u00a0\u00bb position=\u00a0\u00bbcenter\u00a0\u00bb up=\u00a0\u00bb62&Prime; down=\u00a0\u00bb15&Prime;][vc_row_inner][vc_column_inner width=\u00a0\u00bb1\/1&Prime;]\n<div class='latest_post_holder boxes four_columns one_row' >\n    <ul>\n    \n        <li class=\"clearfix\">\n            <div class=\"boxes_image\">\n                                <a itemprop=\"url\" href=\"https:\/\/gardengolf.eu\/fr\/when-i-met-gary\/\"><img fetchpriority=\"high\" decoding=\"async\" width=\"539\" height=\"303\" src=\"https:\/\/gardengolf.eu\/wp-content\/uploads\/2018\/07\/gardengolf-when-i-meet-700x339-539x303.jpg\" class=\"attachment-latest_post_boxes size-latest_post_boxes wp-post-image\" alt=\"\" \/><\/a>\n            <\/div>\n            <div class=\"latest_post\"  >\n                <div class=\"latest_post_text\">\n                    <div class=\"latest_post_inner\">\n                        <div class=\"latest_post_text_inner\">\n                            <h5 itemprop=\"name\" class=\"latest_post_title entry_title\"><a itemprop=\"url\" href=\"https:\/\/gardengolf.eu\/fr\/when-i-met-gary\/\">WHEN I MET GARY<\/a><\/h5>\n                            <p class=\"excerpt\">A continuaci\u00f3n, la reproducci\u00f3n de la carta publicada en la web de Gary Player. This is a story that my father always re...<\/p>\n                            <span class=\"post_infos\">\n                                                                    <span class=\"date_hour_holder\">\n                                        <span itemprop=\"dateCreated\" class=\"date entry_date updated\">26 octobre, 2015 <meta itemprop=\"interactionCount\" content=\"UserComments: 0\"\/><\/span>\n                                    <\/span>\n                                                                                                                                                                            <span class=\"dots\"><i class=\"fa fa-square\"><\/i><\/span>\n                                                                        <a itemprop=\"url\" class=\"post_comments\" href=\"https:\/\/gardengolf.eu\/fr\/when-i-met-gary\/#respond\">No comment<\/a>\n                                \n                                \n                                                            <\/span>\n                        <\/div>\n                    <\/div>\n                <\/div>\n            <\/div>\n        <\/li>\n    \n        <li class=\"clearfix\">\n            <div class=\"boxes_image\">\n                                <a itemprop=\"url\" href=\"https:\/\/gardengolf.eu\/fr\/vivero-en-la-rshecc-realizado-por-garden-golf\/\"><img decoding=\"async\" width=\"539\" height=\"303\" src=\"https:\/\/gardengolf.eu\/wp-content\/uploads\/2018\/09\/P1120950-539x303.jpg\" class=\"attachment-latest_post_boxes size-latest_post_boxes wp-post-image\" alt=\"\" \/><\/a>\n            <\/div>\n            <div class=\"latest_post\"  >\n                <div class=\"latest_post_text\">\n                    <div class=\"latest_post_inner\">\n                        <div class=\"latest_post_text_inner\">\n                            <h5 itemprop=\"name\" class=\"latest_post_title entry_title\"><a itemprop=\"url\" href=\"https:\/\/gardengolf.eu\/fr\/vivero-en-la-rshecc-realizado-por-garden-golf\/\">VIVERO EN LA RSHECC REALIZADO POR GARDEN &#038; GOLF<\/a><\/h5>\n                            <p class=\"excerpt\">Garden &amp; Golf, ha terminado recientemente la construcci\u00f3n integral de un vivero en la Real Sociedad H\u00edpica Espa\u00f1ola ...<\/p>\n                            <span class=\"post_infos\">\n                                                                    <span class=\"date_hour_holder\">\n                                        <span itemprop=\"dateCreated\" class=\"date entry_date updated\">09 mai, 2017 <meta itemprop=\"interactionCount\" content=\"UserComments: 0\"\/><\/span>\n                                    <\/span>\n                                                                                                                                                                            <span class=\"dots\"><i class=\"fa fa-square\"><\/i><\/span>\n                                                                        <a itemprop=\"url\" class=\"post_comments\" href=\"https:\/\/gardengolf.eu\/fr\/vivero-en-la-rshecc-realizado-por-garden-golf\/#respond\">No comment<\/a>\n                                \n                                \n                                                            <\/span>\n                        <\/div>\n                    <\/div>\n                <\/div>\n            <\/div>\n        <\/li>\n    \n        <li class=\"clearfix\">\n            <div class=\"boxes_image\">\n                                <a itemprop=\"url\" href=\"https:\/\/gardengolf.eu\/fr\/slottica-casino-polska\/\"><\/a>\n            <\/div>\n            <div class=\"latest_post\"  >\n                <div class=\"latest_post_text\">\n                    <div class=\"latest_post_inner\">\n                        <div class=\"latest_post_text_inner\">\n                            <h5 itemprop=\"name\" class=\"latest_post_title entry_title\"><a itemprop=\"url\" href=\"https:\/\/gardengolf.eu\/fr\/slottica-casino-polska\/\">Slottica Casino Polska<\/a><\/h5>\n                            <p class=\"excerpt\">Slottica Casino Polska Odkryj ekscytuj\u0105cy \u015bwiat rozrywki online w kasynie Slottica! Slottica to dynamicznie rozwijaj\u0105ce ...<\/p>\n                            <span class=\"post_infos\">\n                                                                    <span class=\"date_hour_holder\">\n                                        <span itemprop=\"dateCreated\" class=\"date entry_date updated\">13 ao\u00fbt, 2018 <meta itemprop=\"interactionCount\" content=\"UserComments: 0\"\/><\/span>\n                                    <\/span>\n                                                                                                                                                                            <span class=\"dots\"><i class=\"fa fa-square\"><\/i><\/span>\n                                                                        <a itemprop=\"url\" class=\"post_comments\" href=\"https:\/\/gardengolf.eu\/fr\/slottica-casino-polska\/#respond\">No comment<\/a>\n                                \n                                \n                                                            <\/span>\n                        <\/div>\n                    <\/div>\n                <\/div>\n            <\/div>\n        <\/li>\n    \n        <li class=\"clearfix\">\n            <div class=\"boxes_image\">\n                                <a itemprop=\"url\" href=\"https:\/\/gardengolf.eu\/fr\/sistema-de-riego-definitivo-del-estadio-de-futbol-del-real-madrid-santiago-bernabeu-realizado-por-garden-golf\/\"><img decoding=\"async\" width=\"539\" height=\"303\" src=\"https:\/\/gardengolf.eu\/wp-content\/uploads\/2022\/08\/20220825_095800-539x303.jpg\" class=\"attachment-latest_post_boxes size-latest_post_boxes wp-post-image\" alt=\"\" \/><\/a>\n            <\/div>\n            <div class=\"latest_post\"  >\n                <div class=\"latest_post_text\">\n                    <div class=\"latest_post_inner\">\n                        <div class=\"latest_post_text_inner\">\n                            <h5 itemprop=\"name\" class=\"latest_post_title entry_title\"><a itemprop=\"url\" href=\"https:\/\/gardengolf.eu\/fr\/sistema-de-riego-definitivo-del-estadio-de-futbol-del-real-madrid-santiago-bernabeu-realizado-por-garden-golf\/\">SISTEMA DE RIEGO DEFINITIVO DEL ESTADIO DE F\u00daTBOL DEL <strong>REAL MADRID<\/strong> (SANTIAGO BERNABEU) REALIZADO POR <strong>GARDEN &#038; GOLF<\/strong><\/a><\/h5>\n                            <p class=\"excerpt\">Un a\u00f1o m\u00e1s y por tercer a\u00f1o consecutivo, Garden &amp; Golf ha vuelto a ser la Empresa seleccionada para instalar el sist...<\/p>\n                            <span class=\"post_infos\">\n                                                                    <span class=\"date_hour_holder\">\n                                        <span itemprop=\"dateCreated\" class=\"date entry_date updated\">31 ao\u00fbt, 2022 <meta itemprop=\"interactionCount\" content=\"UserComments: 0\"\/><\/span>\n                                    <\/span>\n                                                                                                                                                                            <span class=\"dots\"><i class=\"fa fa-square\"><\/i><\/span>\n                                                                        <a itemprop=\"url\" class=\"post_comments\" href=\"https:\/\/gardengolf.eu\/fr\/sistema-de-riego-definitivo-del-estadio-de-futbol-del-real-madrid-santiago-bernabeu-realizado-por-garden-golf\/#respond\">No comment<\/a>\n                                \n                                \n                                                            <\/span>\n                        <\/div>\n                    <\/div>\n                <\/div>\n            <\/div>\n        <\/li>\n        <\/ul>\n<\/div>[vc_separator type=\u00a0\u00bbtransparent\u00a0\u00bb position=\u00a0\u00bbcenter\u00a0\u00bb up=\u00a0\u00bb52&Prime; down=\u00a0\u00bb0&Prime;]\n<div class='latest_post_holder boxes three_columns one_row' >\n    <ul>\n    \n        <li class=\"clearfix\">\n            <div class=\"boxes_image\">\n                                <a itemprop=\"url\" href=\"https:\/\/gardengolf.eu\/fr\/33a-edicion-de-la-lufthansa-world-cup-en-alboran-golf-gestionado-por-garden-golf\/\"><img loading=\"lazy\" decoding=\"async\" width=\"539\" height=\"303\" src=\"https:\/\/gardengolf.eu\/wp-content\/uploads\/2018\/09\/Bunker-2-539x303.jpg\" class=\"attachment-latest_post_boxes size-latest_post_boxes wp-post-image\" alt=\"\" \/><\/a>\n            <\/div>\n            <div class=\"latest_post\"  >\n                <div class=\"latest_post_text\">\n                    <div class=\"latest_post_inner\">\n                        <div class=\"latest_post_text_inner\">\n                            <h5 itemprop=\"name\" class=\"latest_post_title entry_title\"><a itemprop=\"url\" href=\"https:\/\/gardengolf.eu\/fr\/33a-edicion-de-la-lufthansa-world-cup-en-alboran-golf-gestionado-por-garden-golf\/\">33\u00aa EDICI\u00d3N DE LA LUFTHANSA WORLD CUP EN ALBOR\u00c1N GOLF, GESTIONADO POR GARDEN &#038; GOLF<\/a><\/h5>\n                            <p class=\"excerpt\">Garden &amp; Golf ha superado con \u00e9xito los altos est\u00e1ndares de calidad necesarios para llevar a cabo la 33\u00aa edici\u00f3n de la Lufthansa World Cup, \u00a0en lo que se refiere a la puesta a punto, mantenimiento y gesti\u00f3n de Albor\u00e1n Golf, consiguiendo as\u00ed, que la......<\/p>\n                            <span class=\"post_infos\">\n                                                                    <span class=\"date_hour_holder\">\n                                        <span itemprop=\"dateCreated\" class=\"date entry_date updated\">22 mai, 2013 <meta itemprop=\"interactionCount\" content=\"UserComments: 0\"\/><\/span>\n                                    <\/span>\n                                                                                                                                                                            <span class=\"dots\"><i class=\"fa fa-square\"><\/i><\/span>\n                                                                        <a itemprop=\"url\" class=\"post_comments\" href=\"https:\/\/gardengolf.eu\/fr\/33a-edicion-de-la-lufthansa-world-cup-en-alboran-golf-gestionado-por-garden-golf\/#respond\">No comment<\/a>\n                                \n                                \n                                                            <\/span>\n                        <\/div>\n                    <\/div>\n                <\/div>\n            <\/div>\n        <\/li>\n    \n        <li class=\"clearfix\">\n            <div class=\"boxes_image\">\n                                <a itemprop=\"url\" href=\"https:\/\/gardengolf.eu\/fr\/garden-golf-comienza-la-remodelacion-de-tees-de-alcanada-golf\/\"><img loading=\"lazy\" decoding=\"async\" width=\"539\" height=\"303\" src=\"https:\/\/gardengolf.eu\/wp-content\/uploads\/2018\/09\/P1090191-539x303.jpg\" class=\"attachment-latest_post_boxes size-latest_post_boxes wp-post-image\" alt=\"\" \/><\/a>\n            <\/div>\n            <div class=\"latest_post\"  >\n                <div class=\"latest_post_text\">\n                    <div class=\"latest_post_inner\">\n                        <div class=\"latest_post_text_inner\">\n                            <h5 itemprop=\"name\" class=\"latest_post_title entry_title\"><a itemprop=\"url\" href=\"https:\/\/gardengolf.eu\/fr\/garden-golf-comienza-la-remodelacion-de-tees-de-alcanada-golf\/\">GARDEN &#038; GOLF COMIENZA LA REMODELACI\u00d3N DE TEES DE ALCANADA GOLF<\/a><\/h5>\n                            <p class=\"excerpt\">Alcanada Golf es un maravilloso campo de 18 hoyos dise\u00f1ado por Robert Trent Jones Jr. situado en el norte de la mediterr\u00e1nea isla de Palma de Mallorca, en Alcanada. Alcanada Golf ha confiado en Garden &amp; Golf para realizar los trabajos de reforma y que......<\/p>\n                            <span class=\"post_infos\">\n                                                                    <span class=\"date_hour_holder\">\n                                        <span itemprop=\"dateCreated\" class=\"date entry_date updated\">27 d\u00e9cembre, 2013 <meta itemprop=\"interactionCount\" content=\"UserComments: 0\"\/><\/span>\n                                    <\/span>\n                                                                                                                                                                            <span class=\"dots\"><i class=\"fa fa-square\"><\/i><\/span>\n                                                                        <a itemprop=\"url\" class=\"post_comments\" href=\"https:\/\/gardengolf.eu\/fr\/garden-golf-comienza-la-remodelacion-de-tees-de-alcanada-golf\/#respond\">No comment<\/a>\n                                \n                                \n                                                            <\/span>\n                        <\/div>\n                    <\/div>\n                <\/div>\n            <\/div>\n        <\/li>\n    \n        <li class=\"clearfix\">\n            <div class=\"boxes_image\">\n                                <a itemprop=\"url\" href=\"https:\/\/gardengolf.eu\/fr\/jose-ramon-espinosa-en-las-jornadas-tecnicas-de-la-aegg\/\"><img loading=\"lazy\" decoding=\"async\" width=\"539\" height=\"303\" src=\"https:\/\/gardengolf.eu\/wp-content\/uploads\/2018\/11\/Ponencia-Jose-AEGG-539x303.jpg\" class=\"attachment-latest_post_boxes size-latest_post_boxes wp-post-image\" alt=\"\" \/><\/a>\n            <\/div>\n            <div class=\"latest_post\"  >\n                <div class=\"latest_post_text\">\n                    <div class=\"latest_post_inner\">\n                        <div class=\"latest_post_text_inner\">\n                            <h5 itemprop=\"name\" class=\"latest_post_title entry_title\"><a itemprop=\"url\" href=\"https:\/\/gardengolf.eu\/fr\/jose-ramon-espinosa-en-las-jornadas-tecnicas-de-la-aegg\/\">JOSE RAMON ESPINOSA EN LAS JORNADAS TECNICAS DE LA AEGG<\/a><\/h5>\n                            <p class=\"excerpt\">Del 25 al 27 de noviembre en el Parador M\u00e1laga Golf, la Asociaci\u00f3n Espa\u00f1ola de Gerentes de Golf organiza sus Jornadas T\u00e9cnicas anuales para gerentes de Campos de golf. Durante estos tres d\u00edas los directores y gerentes disfrutaran de mesas de debate y ponencias...<\/p>\n                            <span class=\"post_infos\">\n                                                                    <span class=\"date_hour_holder\">\n                                        <span itemprop=\"dateCreated\" class=\"date entry_date updated\">10 octobre, 2014 <meta itemprop=\"interactionCount\" content=\"UserComments: 0\"\/><\/span>\n                                    <\/span>\n                                                                                                                                                                            <span class=\"dots\"><i class=\"fa fa-square\"><\/i><\/span>\n                                                                        <a itemprop=\"url\" class=\"post_comments\" href=\"https:\/\/gardengolf.eu\/fr\/jose-ramon-espinosa-en-las-jornadas-tecnicas-de-la-aegg\/#respond\">No comment<\/a>\n                                \n                                \n                                                            <\/span>\n                        <\/div>\n                    <\/div>\n                <\/div>\n            <\/div>\n        <\/li>\n        <\/ul>\n<\/div>[vc_separator type=\u00a0\u00bbtransparent\u00a0\u00bb position=\u00a0\u00bbcenter\u00a0\u00bb up=\u00a0\u00bb56&Prime; down=\u00a0\u00bb0&Prime;][\/vc_column_inner][\/vc_row_inner][\/vc_column][\/vc_row]<\/p>\n<\/section>","protected":false},"excerpt":{"rendered":"<p>[vc_row row_type=\u00a0\u00bbrow\u00a0\u00bb type=\u00a0\u00bbgrid\u00a0\u00bb text_align=\u00a0\u00bbleft\u00a0\u00bb padding_top=\u00a0\u00bb87&Prime; padding_bottom=\u00a0\u00bb30&Prime;][vc_column width=\u00a0\u00bb1\/1&Prime;][vc_column_text] Latest Posts Shortcode [\/vc_column_text][vc_separator type=\u00a0\u00bbsmall\u00a0\u00bb position=\u00a0\u00bbcenter\u00a0\u00bb down=\u00a0\u00bb38&Prime; up=\u00a0\u00bb7&Prime;][vc_column_text] Carefully crafted elements come together into one amazing design. [\/vc_column_text][vc_separator type=\u00a0\u00bbtransparent\u00a0\u00bb position=\u00a0\u00bbcenter\u00a0\u00bb up=\u00a0\u00bb62&Prime; down=\u00a0\u00bb15&Prime;][vc_row_inner][vc_column_inner width=\u00a0\u00bb1\/1&Prime;][vc_separator type=\u00a0\u00bbtransparent\u00a0\u00bb position=\u00a0\u00bbcenter\u00a0\u00bb up=\u00a0\u00bb52&Prime; down=\u00a0\u00bb0&Prime;][vc_separator type=\u00a0\u00bbtransparent\u00a0\u00bb position=\u00a0\u00bbcenter\u00a0\u00bb up=\u00a0\u00bb56&Prime; down=\u00a0\u00bb0&Prime;][\/vc_column_inner][\/vc_row_inner][\/vc_column][\/vc_row]<\/p>\n","protected":false},"author":1,"featured_media":0,"parent":0,"menu_order":0,"comment_status":"open","ping_status":"open","template":"full_width.php","meta":{"_acf_changed":false,"footnotes":""},"class_list":["post-13687","page","type-page","status-publish","hentry"],"translation":{"provider":"WPGlobus","version":"3.0.0","language":"fr","enabled_languages":["es","en","fr"],"languages":{"es":{"title":true,"content":true,"excerpt":false},"en":{"title":false,"content":false,"excerpt":false},"fr":{"title":false,"content":false,"excerpt":false}}},"acf":[],"_links":{"self":[{"href":"https:\/\/gardengolf.eu\/fr\/wp-json\/wp\/v2\/pages\/13687","targetHints":{"allow":["GET"]}}],"collection":[{"href":"https:\/\/gardengolf.eu\/fr\/wp-json\/wp\/v2\/pages"}],"about":[{"href":"https:\/\/gardengolf.eu\/fr\/wp-json\/wp\/v2\/types\/page"}],"author":[{"embeddable":true,"href":"https:\/\/gardengolf.eu\/fr\/wp-json\/wp\/v2\/users\/1"}],"replies":[{"embeddable":true,"href":"https:\/\/gardengolf.eu\/fr\/wp-json\/wp\/v2\/comments?post=13687"}],"version-history":[{"count":0,"href":"https:\/\/gardengolf.eu\/fr\/wp-json\/wp\/v2\/pages\/13687\/revisions"}],"wp:attachment":[{"href":"https:\/\/gardengolf.eu\/fr\/wp-json\/wp\/v2\/media?parent=13687"}],"curies":[{"name":"wp","href":"https:\/\/api.w.org\/{rel}","templated":true}]}}