{"id":14921,"date":"2018-06-27T17:28:15","date_gmt":"2018-06-27T17:28:15","guid":{"rendered":"https:\/\/gardengolf.eu\/?page_id=14921"},"modified":"2018-07-27T17:23:31","modified_gmt":"2018-07-27T17:23:31","slug":"nosotros","status":"publish","type":"page","link":"https:\/\/gardengolf.eu\/fr\/nosotros\/","title":{"rendered":"Notre entreprise"},"content":{"rendered":"<section class=\"wpb-content-wrapper\"><p>[vc_row css_animation=\u00a0\u00bb\u00a0\u00bb row_type=\u00a0\u00bbrow\u00a0\u00bb use_row_as_full_screen_section=\u00a0\u00bbno\u00a0\u00bb type=\u00a0\u00bbgrid\u00a0\u00bb angled_section=\u00a0\u00bbno\u00a0\u00bb text_align=\u00a0\u00bbleft\u00a0\u00bb background_image_as_pattern=\u00a0\u00bbwithout_pattern\u00a0\u00bb background_color=\u00a0\u00bb#ffffff\u00a0\u00bb padding_top=\u00a0\u00bb87&Prime; padding_bottom=\u00a0\u00bb95&Prime;][vc_column][vc_column_text]<\/p>\n<h2 style=\"text-align: center;\">Garden &amp; Golf<\/h2>\n<p>[\/vc_column_text][vc_separator type=\u00a0\u00bbsmall\u00a0\u00bb position=\u00a0\u00bbcenter\u00a0\u00bb up=\u00a0\u00bb7&Prime; down=\u00a0\u00bb38&Prime;][vc_column_text]<\/p>\n<h4 style=\"text-align: center;\">Garden &amp; Golf est une entreprise internationale sp\u00e9cialis\u00e9e dans la construction et la maintenance de<\/h4>\n<h4 style=\"text-align: center;\">parcours de golf depuis 1964, ann\u00e9e o\u00f9 elle r\u00e9alisa la construction de son premier parcours de golf<\/h4>\n<h4 style=\"text-align: center;\">\u00e0 Palma de Mallorca, San Servera. Depuis lors, nous avons travaill\u00e9 inlassablement pour<\/h4>\n<h4 style=\"text-align: center;\">b\u00e9n\u00e9ficier actuellement d&rsquo;une des meilleures infrastructures en Europe.<\/h4>\n<p>[\/vc_column_text][vc_separator type=\u00a0\u00bbtransparent\u00a0\u00bb up=\u00a0\u00bb10&Prime; down=\u00a0\u00bb10&Prime;][vc_separator type=\u00a0\u00bbtransparent\u00a0\u00bb up=\u00a0\u00bb10&Prime; down=\u00a0\u00bb10&Prime;][\/vc_column][\/vc_row][vc_row row_type=\u00a0\u00bbparallax\u00a0\u00bb parallax_content_width=\u00a0\u00bbin_grid\u00a0\u00bb text_align=\u00a0\u00bbleft\u00a0\u00bb background_image=\u00a0\u00bb14993&Prime; full_screen_section_height=\u00a0\u00bbno\u00a0\u00bb section_height=\u00a0\u00bb320&Prime;][vc_column][vc_empty_space height=\u00a0\u00bb72px\u00a0\u00bb][vc_row_inner row_type=\u00a0\u00bbparallax\u00a0\u00bb text_align=\u00a0\u00bbleft\u00a0\u00bb full_screen_section_height=\u00a0\u00bbno\u00a0\u00bb][vc_column_inner width=\u00a0\u00bb1\/4&Prime;]<div class=\"q_counter_holder  center\" style=\"\" data-digit=\"3000\"><span class=\"counter  zero\" style=\"color: #ffffff;font-size: 60px;\">3000<\/span><span class=\"separator small\" style=\"background-color: #ffffff;\"><\/span><p class=\"counter_text\" style=\"color: #ffffff;\">TEES CONSTRUITS<\/p><\/div>[vc_separator type=\u00a0\u00bbtransparent\u00a0\u00bb up=\u00a0\u00bb79&Prime; down=\u00a0\u00bb0&Prime;][\/vc_column_inner][vc_column_inner width=\u00a0\u00bb1\/4&Prime;]<div class=\"q_counter_holder  center\" style=\"\" data-digit=\"4800\"><span class=\"counter  zero\" style=\"color: #ffffff;font-size: 60px;\">4800<\/span><span class=\"separator small\" style=\"background-color: #ffffff;\"><\/span><p class=\"counter_text\" style=\"color: #ffffff;\">BUNKERS CONSTRUITS<\/p><\/div>[vc_separator type=\u00a0\u00bbtransparent\u00a0\u00bb up=\u00a0\u00bb79&Prime; down=\u00a0\u00bb0&Prime;][\/vc_column_inner][vc_column_inner width=\u00a0\u00bb1\/4&Prime;]<div class=\"q_counter_holder  center\" style=\"\" data-digit=\"20000\"><span class=\"counter  zero\" style=\"color: #ffffff;\">20000<\/span><span class=\"separator small\" style=\"background-color: #ffffff;\"><\/span><p class=\"counter_text\" style=\"color: #ffffff;\">KILOM\u00c8TRES DE C\u00c2BLE INSTALL\u00c9S<\/p><\/div>[vc_separator type=\u00a0\u00bbtransparent\u00a0\u00bb up=\u00a0\u00bb79&Prime; down=\u00a0\u00bb0&Prime;][\/vc_column_inner][vc_column_inner width=\u00a0\u00bb1\/4&Prime;]<div class=\"q_counter_holder  center\" style=\"\" data-digit=\"2500\"><span class=\"counter  zero\" style=\"color: #ffffff;\">2500<\/span><span class=\"separator small\" style=\"background-color: #ffffff;\"><\/span><p class=\"counter_text\" style=\"color: #ffffff;\">KILOM\u00c8TRES DE TUYAUX D'IRRIGATION INSTALLE<\/p><\/div>[vc_separator type=\u00a0\u00bbtransparent\u00a0\u00bb up=\u00a0\u00bb79&Prime; down=\u00a0\u00bb0&Prime;][\/vc_column_inner][\/vc_row_inner][\/vc_column][\/vc_row][vc_row css_animation=\u00a0\u00bb\u00a0\u00bb row_type=\u00a0\u00bbrow\u00a0\u00bb use_row_as_full_screen_section=\u00a0\u00bbno\u00a0\u00bb type=\u00a0\u00bbgrid\u00a0\u00bb angled_section=\u00a0\u00bbno\u00a0\u00bb text_align=\u00a0\u00bbleft\u00a0\u00bb background_image_as_pattern=\u00a0\u00bbwithout_pattern\u00a0\u00bb background_color=\u00a0\u00bb#ffffff\u00a0\u00bb padding_top=\u00a0\u00bb87&Prime; padding_bottom=\u00a0\u00bb95&Prime;][vc_column][vc_column_text]<\/p>\n<h2 style=\"text-align: center;\">Projets r\u00e9alis\u00e9s<\/h2>\n<p>[\/vc_column_text][vc_separator type=\u00a0\u00bbsmall\u00a0\u00bb position=\u00a0\u00bbcenter\u00a0\u00bb up=\u00a0\u00bb7&Prime; down=\u00a0\u00bb38&Prime;][vc_column_text]<\/p>\n<h4 style=\"text-align: center;\">Chez Garden &amp; Golf nous savons que chaque projet est diff\u00e9rent, et c&rsquo;est pour cela que nous nous adaptons avec grande flexibilit\u00e9 aux besoins de nos clients. Les ann\u00e9es d&rsquo;exp\u00e9rience nous obligent \u00e0 r\u00e9aliser des travaux se surpassant constamment en qualit\u00e9 et en technologie.<\/h4>\n<p>[\/vc_column_text][vc_separator type=\u00a0\u00bbtransparent\u00a0\u00bb up=\u00a0\u00bb62&Prime; down=\u00a0\u00bb15&Prime;]<div class='cover_boxes' data-active-element='2'><ul class='clearfix'><li><div class='box'><a itemprop='url' class='thumb' href='https:\/\/gardengolf.eu\/fr\/obras' target='_self'><img itemprop='image' alt='TRAVAUX' src='https:\/\/gardengolf.eu\/wp-content\/uploads\/2018\/07\/P1130349.jpg' \/><\/a><div class='box_content'><h3 >TRAVAUX<\/h3><p >Nous avons l'ing\u00e9nierie sp\u00e9cialis\u00e9e et les meilleures \u00e9quipes professionnelles dans la construction.<\/p><h5><a itemprop='url' class='cover_boxes_read_more' href='https:\/\/gardengolf.eu\/fr\/obras' target='_self'>PLUS D'INFORMATIONS<\/a><\/h5><\/div><\/div><\/li><li><div class='box'><a itemprop='url' class='thumb' href='https:\/\/gardengolf.eu\/fr\/reformas' target='_self'><img itemprop='image' alt='R\u00c9FORMES' src='https:\/\/gardengolf.eu\/wp-content\/uploads\/2018\/07\/P1070153.jpg' \/><\/a><div class='box_content'><h3 >R\u00c9FORMES<\/h3><p >Nous avons r\u00e9form\u00e9 son terrain de golf en am\u00e9liorant et en modernisant toutes ses installations.<\/p><h5><a itemprop='url' class='cover_boxes_read_more' href='https:\/\/gardengolf.eu\/fr\/reformas' target='_self'>PLUS D'INFORMATIONS<\/a><\/h5><\/div><\/div><\/li><li><div class='box'><a itemprop='url' class='thumb' href='https:\/\/gardengolf.eu\/fr\/mantenimiento' target='_self'><img itemprop='image' alt='MAINTENANCE' src='https:\/\/gardengolf.eu\/wp-content\/uploads\/2018\/07\/P1040624.jpg' \/><\/a><div class='box_content'><h3 >MAINTENANCE<\/h3><p >Nous g\u00e9rons la maintenance de parcours de golf avec une grande \u00e9quipe de professionnels.<\/p><h5><a itemprop='url' class='cover_boxes_read_more' href='https:\/\/gardengolf.eu\/fr\/mantenimiento' target='_self'>PLUS D'INFORMATIONS<\/a><\/h5><\/div><\/div><\/li><\/ul><\/div>[vc_separator type=\u00a0\u00bbtransparent\u00a0\u00bb up=\u00a0\u00bb26&Prime; down=\u00a0\u00bb0&Prime;][\/vc_column][\/vc_row][vc_row css_animation=\u00a0\u00bb\u00a0\u00bb row_type=\u00a0\u00bbrow\u00a0\u00bb use_row_as_full_screen_section=\u00a0\u00bbno\u00a0\u00bb type=\u00a0\u00bbgrid\u00a0\u00bb angled_section=\u00a0\u00bbno\u00a0\u00bb text_align=\u00a0\u00bbleft\u00a0\u00bb background_image_as_pattern=\u00a0\u00bbwithout_pattern\u00a0\u00bb background_color=\u00a0\u00bb#f5f75f5&Prime; padding_top=\u00a0\u00bb77&Prime; padding_bottom=\u00a0\u00bb48&Prime; z_index=\u00a0\u00bb\u00a0\u00bb][vc_column width=\u00a0\u00bb1\/3&Prime;][vc_row_inner row_type=\u00a0\u00bbrow\u00a0\u00bb type=\u00a0\u00bbfull_width\u00a0\u00bb text_align=\u00a0\u00bbright\u00a0\u00bb css_animation=\u00a0\u00bb\u00a0\u00bb][vc_column_inner][vc_single_image image=\u00a0\u00bb15196&Prime; img_size=\u00a0\u00bbfull\u00a0\u00bb qode_css_animation=\u00a0\u00bbelement_from_left\u00a0\u00bb transition_delay=\u00a0\u00bb0.3&Prime;][vc_separator type=\u00a0\u00bbtransparent\u00a0\u00bb up=\u00a0\u00bb21&Prime; down=\u00a0\u00bb0&Prime;][\/vc_column_inner][\/vc_row_inner][\/vc_column][vc_column width=\u00a0\u00bb2\/3&Prime;][vc_separator type=\u00a0\u00bbtransparent\u00a0\u00bb up=\u00a0\u00bb12&Prime; down=\u00a0\u00bb0&Prime;][vc_column_text]<\/p>\n<h2>\u00c9quipe multidisciplinaire professionnelle<\/h2>\n<p>[\/vc_column_text][vc_separator type=\u00a0\u00bbsmall\u00a0\u00bb position=\u00a0\u00bbleft\u00a0\u00bb up=\u00a0\u00bb7&Prime; down=\u00a0\u00bb38&Prime;][vc_column_text]Nous disposons d&rsquo;une grande \u00e9quipe de professionnels, ing\u00e9nieurs et sp\u00e9cialistes poss\u00e9dant un haut niveau de pr\u00e9paration et une m\u00e9thodologie propre, travaillant avec la technologie la plus moderne pour construire les meilleurs parcours de golf, et apportant \u00e0 nos travaux la qualit\u00e9 maximale, reconnue au niveau international.[\/vc_column_text][vc_separator type=\u00a0\u00bbtransparent\u00a0\u00bb up=\u00a0\u00bb41&Prime; down=\u00a0\u00bb0&Prime;][\/vc_column][\/vc_row][vc_row css_animation=\u00a0\u00bb\u00a0\u00bb row_type=\u00a0\u00bbrow\u00a0\u00bb use_row_as_full_screen_section=\u00a0\u00bbno\u00a0\u00bb type=\u00a0\u00bbgrid\u00a0\u00bb angled_section=\u00a0\u00bbno\u00a0\u00bb text_align=\u00a0\u00bbleft\u00a0\u00bb background_image_as_pattern=\u00a0\u00bbwithout_pattern\u00a0\u00bb background_color=\u00a0\u00bb#ffffff\u00a0\u00bb padding_top=\u00a0\u00bb77&Prime; padding_bottom=\u00a0\u00bb48&Prime;][vc_column width=\u00a0\u00bb2\/3&Prime;][vc_separator type=\u00a0\u00bbtransparent\u00a0\u00bb up=\u00a0\u00bb12&Prime; down=\u00a0\u00bb0&Prime;][vc_column_text]<\/p>\n<h2>Norme de qualit\u00e9 dans nos services<\/h2>\n<p>[\/vc_column_text][vc_separator type=\u00a0\u00bbsmall\u00a0\u00bb position=\u00a0\u00bbleft\u00a0\u00bb up=\u00a0\u00bb7&Prime; down=\u00a0\u00bb38&Prime;][vc_column_text]<\/p>\n<p class=\"p1\">Nos travaux sont r\u00e9alis\u00e9s en parfaite harmonie avec la nature qui entoure le parcours de golf, afin de r\u00e9duire au possible les agressions \u00e9cologiques, respectant \u00e0 tout moment l&rsquo;environnement et contribuant \u00e0 son d\u00e9veloppement durable.<\/p>\n<p class=\"p1\">En 2002, en reconnaissance de nos travaux et de notre longue trajectoire dans le monde du golf, nous avons re\u00e7u de la part de la Real Federaci\u00f3n Espa\u00f1ola de Golf la Plaque de M\u00e9rite en Golf.<\/p>\n<p>[\/vc_column_text][vc_separator type=\u00a0\u00bbtransparent\u00a0\u00bb up=\u00a0\u00bb41&Prime; down=\u00a0\u00bb0&Prime;][\/vc_column][vc_column width=\u00a0\u00bb1\/3&Prime;][vc_row_inner row_type=\u00a0\u00bbrow\u00a0\u00bb type=\u00a0\u00bbfull_width\u00a0\u00bb text_align=\u00a0\u00bbright\u00a0\u00bb css_animation=\u00a0\u00bb\u00a0\u00bb][vc_column_inner][vc_single_image image=\u00a0\u00bb15458&Prime; img_size=\u00a0\u00bbfull\u00a0\u00bb alignment=\u00a0\u00bbright\u00a0\u00bb qode_css_animation=\u00a0\u00bbelement_from_left\u00a0\u00bb transition_delay=\u00a0\u00bb0.3&Prime;][vc_separator type=\u00a0\u00bbtransparent\u00a0\u00bb up=\u00a0\u00bb21&Prime; down=\u00a0\u00bb0&Prime;][\/vc_column_inner][\/vc_row_inner][\/vc_column][\/vc_row][vc_row css_animation=\u00a0\u00bb\u00a0\u00bb row_type=\u00a0\u00bbrow\u00a0\u00bb use_row_as_full_screen_section=\u00a0\u00bbno\u00a0\u00bb type=\u00a0\u00bbfull_width\u00a0\u00bb angled_section=\u00a0\u00bbno\u00a0\u00bb text_align=\u00a0\u00bbleft\u00a0\u00bb background_image_as_pattern=\u00a0\u00bbwithout_pattern\u00a0\u00bb background_color=\u00a0\u00bb#f6f6f6&Prime; border_color=\u00a0\u00bb#f6f6f6&Prime; z_index=\u00a0\u00bb\u00a0\u00bb][vc_column]<div class=\"call_to_action normal\" style=\"background-color: #cecece;border-top: 1px solid #cecece;\"><div class=\"container_inner\"><div class=\"two_columns_75_25 clearfix\"><div class=\"text_wrapper column1\"><div class=\"call_to_action_text \" style=\"\">\n<p class=\"p1\">Avez-vous besoin de plus d&rsquo;informations? Entrez en contact avec nous<\/p>\n<\/div><\/div><div class=\"button_wrapper column2\"><a itemprop=\"url\" href=\"https:\/\/gardengolf.eu\/fr\/contacto\" class=\"qbutton white \" target=\"_self\" style=\"color: #ffffff;border-color: #ffffff;\" data-hover-background-color=#066035 data-hover-border-color=#066035 data-hover-color=#ffffff>CONTACT<\/a><\/div><\/div><\/div><\/div>[\/vc_column][\/vc_row][vc_row css_animation=\u00a0\u00bb\u00a0\u00bb row_type=\u00a0\u00bbrow\u00a0\u00bb use_row_as_full_screen_section=\u00a0\u00bbno\u00a0\u00bb type=\u00a0\u00bbgrid\u00a0\u00bb angled_section=\u00a0\u00bbno\u00a0\u00bb text_align=\u00a0\u00bbleft\u00a0\u00bb background_image_as_pattern=\u00a0\u00bbwithout_pattern\u00a0\u00bb background_color=\u00a0\u00bb#ffffff\u00a0\u00bb padding_top=\u00a0\u00bb87&Prime; padding_bottom=\u00a0\u00bb0&Prime;][vc_column][vc_column_text]<\/p>\n<h2 style=\"text-align: center;\">NOS CLIENTS<\/h2>\n<p>[\/vc_column_text][vc_separator type=\u00a0\u00bbsmall\u00a0\u00bb position=\u00a0\u00bbcenter\u00a0\u00bb up=\u00a0\u00bb7&Prime; down=\u00a0\u00bb38&Prime;][vc_empty_space height=\u00a0\u00bb38px\u00a0\u00bb]<div class='qode_carousels_holder clearfix'><div class='qode_carousels' data-number-of-visible-items=''><ul class='slides'><li class='item'><div class=\"carousel_item_holder\"><span class='first_image_holder has_hover_image'><img decoding=\"async\" itemprop=\"image\" src=\"https:\/\/gardengolf.eu\/wp-content\/uploads\/2018\/07\/panoramica.png\" alt=\"carousel image\" \/><\/span><span class='second_image_holder has_hover_image'><img decoding=\"async\" itemprop=\"image\" src=\"https:\/\/gardengolf.eu\/wp-content\/uploads\/2018\/07\/panoramica.png\" alt=\"carousel image\" \/><\/span><\/div><\/li><li class='item'><div class=\"carousel_item_holder\"><span class='first_image_holder has_hover_image'><img decoding=\"async\" itemprop=\"image\" src=\"https:\/\/gardengolf.eu\/wp-content\/uploads\/2018\/07\/bonmont-1.png\" alt=\"carousel image\" \/><\/span><span class='second_image_holder has_hover_image'><img decoding=\"async\" itemprop=\"image\" src=\"https:\/\/gardengolf.eu\/wp-content\/uploads\/2018\/07\/bonmont-1.png\" alt=\"carousel image\" \/><\/span><\/div><\/li><li class='item'><div class=\"carousel_item_holder\"><span class='first_image_holder has_hover_image'><img decoding=\"async\" itemprop=\"image\" src=\"https:\/\/gardengolf.eu\/wp-content\/uploads\/2018\/07\/race.jpg\" alt=\"carousel image\" \/><\/span><span class='second_image_holder has_hover_image'><img decoding=\"async\" itemprop=\"image\" src=\"https:\/\/gardengolf.eu\/wp-content\/uploads\/2018\/07\/race.jpg\" alt=\"carousel image\" \/><\/span><\/div><\/li><li class='item'><div class=\"carousel_item_holder\"><span class='first_image_holder has_hover_image'><img decoding=\"async\" itemprop=\"image\" src=\"https:\/\/gardengolf.eu\/wp-content\/uploads\/2018\/07\/aloha.png\" alt=\"carousel image\" \/><\/span><span class='second_image_holder has_hover_image'><img decoding=\"async\" itemprop=\"image\" src=\"https:\/\/gardengolf.eu\/wp-content\/uploads\/2018\/07\/aloha.png\" alt=\"carousel image\" \/><\/span><\/div><\/li><li class='item'><div class=\"carousel_item_holder\"><span class='first_image_holder has_hover_image'><img decoding=\"async\" itemprop=\"image\" src=\"https:\/\/gardengolf.eu\/wp-content\/uploads\/2018\/07\/hacienda-del-alamo.jpg\" alt=\"carousel image\" \/><\/span><span class='second_image_holder has_hover_image'><img decoding=\"async\" itemprop=\"image\" src=\"https:\/\/gardengolf.eu\/wp-content\/uploads\/2018\/07\/hacienda-del-alamo.jpg\" alt=\"carousel image\" \/><\/span><\/div><\/li><li class='item'><div class=\"carousel_item_holder\"><span class='first_image_holder has_hover_image'><img decoding=\"async\" itemprop=\"image\" src=\"https:\/\/gardengolf.eu\/wp-content\/uploads\/2018\/07\/escorpion-1.png\" alt=\"carousel image\" \/><\/span><span class='second_image_holder has_hover_image'><img decoding=\"async\" itemprop=\"image\" src=\"https:\/\/gardengolf.eu\/wp-content\/uploads\/2018\/07\/escorpion-1.png\" alt=\"carousel image\" \/><\/span><\/div><\/li><li class='item'><div class=\"carousel_item_holder\"><span class='first_image_holder has_hover_image'><img decoding=\"async\" itemprop=\"image\" src=\"https:\/\/gardengolf.eu\/wp-content\/uploads\/2018\/07\/la-toja-2.png\" alt=\"carousel image\" \/><\/span><span class='second_image_holder has_hover_image'><img decoding=\"async\" itemprop=\"image\" src=\"https:\/\/gardengolf.eu\/wp-content\/uploads\/2018\/07\/la-toja-2.png\" alt=\"carousel image\" \/><\/span><\/div><\/li><li class='item'><div class=\"carousel_item_holder\"><span class='first_image_holder has_hover_image'><img decoding=\"async\" itemprop=\"image\" src=\"https:\/\/gardengolf.eu\/wp-content\/uploads\/2018\/07\/royal-obidos.png\" alt=\"carousel image\" \/><\/span><span class='second_image_holder has_hover_image'><img decoding=\"async\" itemprop=\"image\" src=\"https:\/\/gardengolf.eu\/wp-content\/uploads\/2018\/07\/royal-obidos.png\" alt=\"carousel image\" \/><\/span><\/div><\/li><li class='item'><div class=\"carousel_item_holder\"><span class='first_image_holder has_hover_image'><img decoding=\"async\" itemprop=\"image\" src=\"https:\/\/gardengolf.eu\/wp-content\/uploads\/2018\/07\/melia.jpg\" alt=\"carousel image\" \/><\/span><span class='second_image_holder has_hover_image'><img decoding=\"async\" itemprop=\"image\" src=\"https:\/\/gardengolf.eu\/wp-content\/uploads\/2018\/07\/melia.jpg\" alt=\"carousel image\" \/><\/span><\/div><\/li><li class='item'><div class=\"carousel_item_holder\"><span class='first_image_holder has_hover_image'><img decoding=\"async\" itemprop=\"image\" src=\"https:\/\/gardengolf.eu\/wp-content\/uploads\/2018\/07\/lamanga-club.png\" alt=\"carousel image\" \/><\/span><span class='second_image_holder has_hover_image'><img decoding=\"async\" itemprop=\"image\" src=\"https:\/\/gardengolf.eu\/wp-content\/uploads\/2018\/07\/lamanga-club.png\" alt=\"carousel image\" \/><\/span><\/div><\/li><li class='item'><div class=\"carousel_item_holder\"><span class='first_image_holder has_hover_image'><img decoding=\"async\" itemprop=\"image\" src=\"https:\/\/gardengolf.eu\/wp-content\/uploads\/2018\/07\/lapen\u0303aza-1.png\" alt=\"carousel image\" \/><\/span><span class='second_image_holder has_hover_image'><img decoding=\"async\" itemprop=\"image\" src=\"https:\/\/gardengolf.eu\/wp-content\/uploads\/2018\/07\/lapen\u0303aza-1.png\" alt=\"carousel image\" \/><\/span><\/div><\/li><li class='item'><div class=\"carousel_item_holder\"><span class='first_image_holder has_hover_image'><img decoding=\"async\" itemprop=\"image\" src=\"https:\/\/gardengolf.eu\/wp-content\/uploads\/2018\/07\/golfsonvida.jpg\" alt=\"carousel image\" \/><\/span><span class='second_image_holder has_hover_image'><img decoding=\"async\" itemprop=\"image\" src=\"https:\/\/gardengolf.eu\/wp-content\/uploads\/2018\/07\/golfsonvida.jpg\" alt=\"carousel image\" \/><\/span><\/div><\/li><li class='item'><div class=\"carousel_item_holder\"><span class='first_image_holder has_hover_image'><img decoding=\"async\" itemprop=\"image\" src=\"https:\/\/gardengolf.eu\/wp-content\/uploads\/2018\/07\/sonquint-1.png\" alt=\"carousel image\" \/><\/span><span class='second_image_holder has_hover_image'><img decoding=\"async\" itemprop=\"image\" src=\"https:\/\/gardengolf.eu\/wp-content\/uploads\/2018\/07\/sonquint-1.png\" alt=\"carousel image\" \/><\/span><\/div><\/li><li class='item'><div class=\"carousel_item_holder\"><span class='first_image_holder has_hover_image'><img decoding=\"async\" itemprop=\"image\" src=\"https:\/\/gardengolf.eu\/wp-content\/uploads\/2018\/07\/las-brisas.jpg\" alt=\"carousel image\" \/><\/span><span class='second_image_holder has_hover_image'><img decoding=\"async\" itemprop=\"image\" src=\"https:\/\/gardengolf.eu\/wp-content\/uploads\/2018\/07\/las-brisas.jpg\" alt=\"carousel image\" \/><\/span><\/div><\/li><li class='item'><div class=\"carousel_item_holder\"><span class='first_image_holder has_hover_image'><img decoding=\"async\" itemprop=\"image\" src=\"https:\/\/gardengolf.eu\/wp-content\/uploads\/2018\/07\/p-1.png\" alt=\"carousel image\" \/><\/span><span class='second_image_holder has_hover_image'><img decoding=\"async\" itemprop=\"image\" src=\"https:\/\/gardengolf.eu\/wp-content\/uploads\/2018\/07\/p-1.png\" alt=\"carousel image\" \/><\/span><\/div><\/li><li class='item'><div class=\"carousel_item_holder\"><span class='first_image_holder has_hover_image'><img decoding=\"async\" itemprop=\"image\" src=\"https:\/\/gardengolf.eu\/wp-content\/uploads\/2018\/07\/CPH-2.png\" alt=\"carousel image\" \/><\/span><span class='second_image_holder has_hover_image'><img decoding=\"async\" itemprop=\"image\" src=\"https:\/\/gardengolf.eu\/wp-content\/uploads\/2018\/07\/CPH-2.png\" alt=\"carousel image\" \/><\/span><\/div><\/li><li class='item'><div class=\"carousel_item_holder\"><span class='first_image_holder has_hover_image'><img decoding=\"async\" itemprop=\"image\" src=\"https:\/\/gardengolf.eu\/wp-content\/uploads\/2018\/07\/golf-lamoraleja-1.png\" alt=\"carousel image\" \/><\/span><span class='second_image_holder has_hover_image'><img decoding=\"async\" itemprop=\"image\" src=\"https:\/\/gardengolf.eu\/wp-content\/uploads\/2018\/07\/golf-lamoraleja-1.png\" alt=\"carousel image\" \/><\/span><\/div><\/li><li class='item'><div class=\"carousel_item_holder\"><span class='first_image_holder has_hover_image'><img decoding=\"async\" itemprop=\"image\" src=\"https:\/\/gardengolf.eu\/wp-content\/uploads\/2018\/07\/fontanals-1.png\" alt=\"carousel image\" \/><\/span><span class='second_image_holder has_hover_image'><img decoding=\"async\" itemprop=\"image\" src=\"https:\/\/gardengolf.eu\/wp-content\/uploads\/2018\/07\/fontanals-1.png\" alt=\"carousel image\" \/><\/span><\/div><\/li><li class='item'><div class=\"carousel_item_holder\"><span class='first_image_holder has_hover_image'><img decoding=\"async\" itemprop=\"image\" src=\"https:\/\/gardengolf.eu\/wp-content\/uploads\/2023\/06\/Alcaidesa-1-01.png\" alt=\"carousel image\" \/><\/span><span class='second_image_holder has_hover_image'><img decoding=\"async\" itemprop=\"image\" src=\"https:\/\/gardengolf.eu\/wp-content\/uploads\/2023\/06\/Alcaidesa-1-01.png\" alt=\"carousel image\" \/><\/span><\/div><\/li><\/ul><\/div><\/div>[vc_empty_space height=\u00a0\u00bb70px\u00a0\u00bb][\/vc_column][\/vc_row]<\/p>\n<\/section>","protected":false},"excerpt":{"rendered":"<p>[vc_row css_animation=\u00a0\u00bb\u00a0\u00bb row_type=\u00a0\u00bbrow\u00a0\u00bb use_row_as_full_screen_section=\u00a0\u00bbno\u00a0\u00bb type=\u00a0\u00bbgrid\u00a0\u00bb angled_section=\u00a0\u00bbno\u00a0\u00bb text_align=\u00a0\u00bbleft\u00a0\u00bb background_image_as_pattern=\u00a0\u00bbwithout_pattern\u00a0\u00bb background_color=\u00a0\u00bb#ffffff\u00a0\u00bb padding_top=\u00a0\u00bb87&Prime; padding_bottom=\u00a0\u00bb95&Prime;][vc_column][vc_column_text] Garden &amp; Golf [\/vc_column_text][vc_separator type=\u00a0\u00bbsmall\u00a0\u00bb position=\u00a0\u00bbcenter\u00a0\u00bb up=\u00a0\u00bb7&Prime; down=\u00a0\u00bb38&Prime;][vc_column_text] Garden &amp; Golf est une entreprise internationale sp\u00e9cialis\u00e9e dans la construction et la maintenance de parcours de golf depuis 1964, ann\u00e9e o\u00f9 elle r\u00e9alisa la construction&#8230;<\/p>\n","protected":false},"author":1,"featured_media":0,"parent":0,"menu_order":0,"comment_status":"open","ping_status":"open","template":"full_width.php","meta":{"_acf_changed":false,"footnotes":""},"class_list":["post-14921","page","type-page","status-publish","hentry"],"translation":{"provider":"WPGlobus","version":"3.0.0","language":"fr","enabled_languages":["es","en","fr"],"languages":{"es":{"title":true,"content":true,"excerpt":false},"en":{"title":true,"content":true,"excerpt":false},"fr":{"title":true,"content":true,"excerpt":false}}},"acf":[],"_links":{"self":[{"href":"https:\/\/gardengolf.eu\/fr\/wp-json\/wp\/v2\/pages\/14921","targetHints":{"allow":["GET"]}}],"collection":[{"href":"https:\/\/gardengolf.eu\/fr\/wp-json\/wp\/v2\/pages"}],"about":[{"href":"https:\/\/gardengolf.eu\/fr\/wp-json\/wp\/v2\/types\/page"}],"author":[{"embeddable":true,"href":"https:\/\/gardengolf.eu\/fr\/wp-json\/wp\/v2\/users\/1"}],"replies":[{"embeddable":true,"href":"https:\/\/gardengolf.eu\/fr\/wp-json\/wp\/v2\/comments?post=14921"}],"version-history":[{"count":77,"href":"https:\/\/gardengolf.eu\/fr\/wp-json\/wp\/v2\/pages\/14921\/revisions"}],"predecessor-version":[{"id":16198,"href":"https:\/\/gardengolf.eu\/fr\/wp-json\/wp\/v2\/pages\/14921\/revisions\/16198"}],"wp:attachment":[{"href":"https:\/\/gardengolf.eu\/fr\/wp-json\/wp\/v2\/media?parent=14921"}],"curies":[{"name":"wp","href":"https:\/\/api.w.org\/{rel}","templated":true}]}}