{"id":15234,"date":"2018-07-04T15:19:11","date_gmt":"2018-07-04T15:19:11","guid":{"rendered":"https:\/\/gardengolf.eu\/?page_id=15234"},"modified":"2018-07-29T07:19:27","modified_gmt":"2018-07-29T07:19:27","slug":"reformas","status":"publish","type":"page","link":"https:\/\/gardengolf.eu\/fr\/reformas\/","title":{"rendered":"R\u00e9formes r\u00e9alis\u00e9s"},"content":{"rendered":"<section class=\"wpb-content-wrapper\"><p>[vc_row css_animation=\u00a0\u00bb\u00a0\u00bb row_type=\u00a0\u00bbrow\u00a0\u00bb use_row_as_full_screen_section=\u00a0\u00bbno\u00a0\u00bb type=\u00a0\u00bbgrid\u00a0\u00bb angled_section=\u00a0\u00bbno\u00a0\u00bb text_align=\u00a0\u00bbleft\u00a0\u00bb background_image_as_pattern=\u00a0\u00bbwithout_pattern\u00a0\u00bb background_color=\u00a0\u00bb#ffffff\u00a0\u00bb padding_top=\u00a0\u00bb87&Prime; padding_bottom=\u00a0\u00bb34&Prime;][vc_column][vc_separator type=\u00a0\u00bbtransparent\u00a0\u00bb up=\u00a0\u00bb26&Prime; down=\u00a0\u00bb0&Prime;][vc_column_text]<\/p>\n<h4 style=\"text-align: center;\">En Garden &amp; Golf realizamos las reformas de los campos de golf en completa sinton\u00eda con<\/h4>\n<h4 style=\"text-align: center;\">nuestros clientes, adapt\u00e1ndonos en todo momento a las necesidades particulares de cada campo de golf.<\/h4>\n<p>[\/vc_column_text][vc_separator type=\u00a0\u00bbtransparent\u00a0\u00bb up=\u00a0\u00bb31&Prime; down=\u00a0\u00bb22&Prime;][vc_separator type=\u00a0\u00bbtransparent\u00a0\u00bb up=\u00a0\u00bb31&Prime; down=\u00a0\u00bb22&Prime;][vc_row_inner row_type=\u00a0\u00bbrow\u00a0\u00bb type=\u00a0\u00bbfull_width\u00a0\u00bb text_align=\u00a0\u00bbleft\u00a0\u00bb css_animation=\u00a0\u00bb\u00a0\u00bb][vc_column_inner width=\u00a0\u00bb1\/4&Prime;][vc_column_text]<\/p>\n<h4><strong>ALICANTE:<\/strong><\/h4>\n<p><strong>ALENDA GOLF <\/strong>&#8211; Monforte del Cid<\/p>\n<p><strong>LA FINCA GOLF RESORT <\/strong>&#8211; Algorfa[\/vc_column_text][\/vc_column_inner][vc_column_inner width=\u00a0\u00bb1\/4&Prime;][vc_column_text]<\/p>\n<h4><strong>ASTURIAS:<\/strong><\/h4>\n<p><strong>CAMPO DE GOLF CIERRO GRANDE <\/strong>\u2013 Rapalcuarto, Tapia de Casariego<\/p>\n<p><strong>GOLF MUNICIPAL DE LLANES &#8211; <\/strong>Llanes[\/vc_column_text][\/vc_column_inner][vc_column_inner width=\u00a0\u00bb1\/4&Prime;][vc_column_text]<\/p>\n<h4><strong>C\u00c1CERES:<\/strong><\/h4>\n<p><strong>NORBA CLUB DE<\/strong><strong>\u00a0GOLF &#8211; <\/strong>C\u00e1ceres[\/vc_column_text][\/vc_column_inner][vc_column_inner width=\u00a0\u00bb1\/4&Prime;][vc_column_text]<\/p>\n<h4><strong>CANTABRIA:<\/strong><\/h4>\n<p><strong>REAL GOLF DE PEDRE\u00d1A &#8211; <\/strong>Pedre\u00f1a[\/vc_column_text][\/vc_column_inner][\/vc_row_inner][vc_separator type=\u00a0\u00bbtransparent\u00a0\u00bb up=\u00a0\u00bb31&Prime; down=\u00a0\u00bb22&Prime;][vc_row_inner row_type=\u00a0\u00bbrow\u00a0\u00bb type=\u00a0\u00bbfull_width\u00a0\u00bb text_align=\u00a0\u00bbleft\u00a0\u00bb css_animation=\u00a0\u00bb\u00a0\u00bb][vc_column_inner width=\u00a0\u00bb1\/4&Prime;][vc_column_text]<\/p>\n<h4><strong>ISLAS BALEARES:<\/strong><\/h4>\n<p><strong>GOLF SON VIDA <\/strong>&#8211; Palma de Mallorca<\/p>\n<p><strong>VALL D\u00b4OR GOLF CLUB &#8211; <\/strong>Felanitx<\/p>\n<p><strong>GOLF SON MUNTANER &#8211; <\/strong>Palma de Mallorca<\/p>\n<p><strong>CLUB DE GOLF ALCANADA <\/strong>&#8211; Port d\u2019Alc\u00fadia<\/p>\n<p><strong>T GOLF &amp;COUNTRY CLUB PONIENTE &#8211; <\/strong>Calvi\u00e0[\/vc_column_text][\/vc_column_inner][vc_column_inner width=\u00a0\u00bb1\/4&Prime;][vc_column_text]<\/p>\n<h4><strong>MADRID:<\/strong><\/h4>\n<p><strong>GOLF PARK <\/strong>&#8211; Alcobendas<\/p>\n<p><strong>GOLF LA MORALEJA I <\/strong>&#8211; Alcobendas<\/p>\n<p><strong>GOLF LA MORALEJA II <\/strong>&#8211; Madrid<\/p>\n<p><strong>REAL SOCIEDAD H\u00cdPICA ESPA\u00d1OLA CLUB DE CAMPO <\/strong>&#8211; San Sebasti\u00e1n de los Reyes<\/p>\n<p><strong>REAL CLUB<\/strong><strong> DE LA PUERTA DE HIERRO <\/strong>&#8211; Madrid[\/vc_column_text][\/vc_column_inner][vc_column_inner width=\u00a0\u00bb1\/4&Prime;][vc_column_text]<\/p>\n<h4><strong>ZARAGOZA:<\/strong><\/h4>\n<p><strong>GOLF LOS LAGOS &#8211; <\/strong>Pinseque<\/p>\n<p><strong>REAL CLUB DE GOLF LA PE\u00d1AZA &#8211; <\/strong>Zaragoza[\/vc_column_text][\/vc_column_inner][vc_column_inner width=\u00a0\u00bb1\/4&Prime;][vc_column_text]<\/p>\n<h4><strong>FRANCE: <\/strong><\/h4>\n<p><strong>GOLF LA GRANDE BASTIDE &#8211; <\/strong>Ch\u00e2teauneuf-Grasse, Costa Azul<\/p>\n<p><strong>GOLF OPIO \u2013 VALBONNE &#8211; <\/strong>Opio, Costa Azul[\/vc_column_text][\/vc_column_inner][\/vc_row_inner][vc_separator type=\u00a0\u00bbtransparent\u00a0\u00bb up=\u00a0\u00bb31&Prime; down=\u00a0\u00bb22&Prime;][\/vc_column][\/vc_row][vc_row css_animation=\u00a0\u00bb\u00a0\u00bb row_type=\u00a0\u00bbrow\u00a0\u00bb use_row_as_full_screen_section=\u00a0\u00bbno\u00a0\u00bb type=\u00a0\u00bbfull_width\u00a0\u00bb anchor=\u00a0\u00bbgallery\u00a0\u00bb angled_section=\u00a0\u00bbno\u00a0\u00bb text_align=\u00a0\u00bbleft\u00a0\u00bb background_image_as_pattern=\u00a0\u00bbwithout_pattern\u00a0\u00bb background_color=\u00a0\u00bb#ffffff\u00a0\u00bb border_color=\u00a0\u00bb#ffffff\u00a0\u00bb z_index=\u00a0\u00bb\u00a0\u00bb][vc_column][vc_gmaps link=\u00a0\u00bb#E-8_JTNDaWZyYW1lJTIwc3JjJTNEJTIyaHR0cHMlM0ElMkYlMkZ3d3cuZ29vZ2xlLmNvbSUyRm1hcHMlMkZkJTJGZW1iZWQlM0ZtaWQlM0QxQ1ZsNEFqRTctYUp3aXdFYURtSEVLZFJjLUpaZVRmdV8lMjIlMjB3aWR0aCUzRCUyMjY0MCUyMiUyMGhlaWdodCUzRCUyMjQ4MCUyMiUzRSUzQyUyRmlmcmFtZSUzRQ==\u00a0\u00bb][\/vc_column][\/vc_row]<\/p>\n<\/section>","protected":false},"excerpt":{"rendered":"<p>[vc_row css_animation=\u00a0\u00bb\u00a0\u00bb row_type=\u00a0\u00bbrow\u00a0\u00bb use_row_as_full_screen_section=\u00a0\u00bbno\u00a0\u00bb type=\u00a0\u00bbgrid\u00a0\u00bb angled_section=\u00a0\u00bbno\u00a0\u00bb text_align=\u00a0\u00bbleft\u00a0\u00bb background_image_as_pattern=\u00a0\u00bbwithout_pattern\u00a0\u00bb background_color=\u00a0\u00bb#ffffff\u00a0\u00bb padding_top=\u00a0\u00bb87&Prime; padding_bottom=\u00a0\u00bb34&Prime;][vc_column][vc_separator type=\u00a0\u00bbtransparent\u00a0\u00bb up=\u00a0\u00bb26&Prime; down=\u00a0\u00bb0&Prime;][vc_column_text] En Garden &amp; Golf realizamos las reformas de los campos de golf en completa sinton\u00eda con nuestros clientes, adapt\u00e1ndonos en todo momento a las necesidades particulares de cada campo de golf&#8230;.<\/p>\n","protected":false},"author":1,"featured_media":0,"parent":0,"menu_order":0,"comment_status":"open","ping_status":"open","template":"full_width.php","meta":{"_acf_changed":false,"footnotes":""},"class_list":["post-15234","page","type-page","status-publish","hentry"],"translation":{"provider":"WPGlobus","version":"3.0.0","language":"fr","enabled_languages":["es","en","fr"],"languages":{"es":{"title":true,"content":true,"excerpt":false},"en":{"title":true,"content":true,"excerpt":false},"fr":{"title":true,"content":true,"excerpt":false}}},"acf":[],"_links":{"self":[{"href":"https:\/\/gardengolf.eu\/fr\/wp-json\/wp\/v2\/pages\/15234","targetHints":{"allow":["GET"]}}],"collection":[{"href":"https:\/\/gardengolf.eu\/fr\/wp-json\/wp\/v2\/pages"}],"about":[{"href":"https:\/\/gardengolf.eu\/fr\/wp-json\/wp\/v2\/types\/page"}],"author":[{"embeddable":true,"href":"https:\/\/gardengolf.eu\/fr\/wp-json\/wp\/v2\/users\/1"}],"replies":[{"embeddable":true,"href":"https:\/\/gardengolf.eu\/fr\/wp-json\/wp\/v2\/comments?post=15234"}],"version-history":[{"count":19,"href":"https:\/\/gardengolf.eu\/fr\/wp-json\/wp\/v2\/pages\/15234\/revisions"}],"predecessor-version":[{"id":16089,"href":"https:\/\/gardengolf.eu\/fr\/wp-json\/wp\/v2\/pages\/15234\/revisions\/16089"}],"wp:attachment":[{"href":"https:\/\/gardengolf.eu\/fr\/wp-json\/wp\/v2\/media?parent=15234"}],"curies":[{"name":"wp","href":"https:\/\/api.w.org\/{rel}","templated":true}]}}