{"id":15243,"date":"2018-07-04T15:41:17","date_gmt":"2018-07-04T15:41:17","guid":{"rendered":"https:\/\/gardengolf.eu\/?page_id=15243"},"modified":"2018-07-28T14:05:03","modified_gmt":"2018-07-28T14:05:03","slug":"mantenimientos-realizados","status":"publish","type":"page","link":"https:\/\/gardengolf.eu\/fr\/mantenimientos-realizados\/","title":{"rendered":"Maintenances r\u00e9alis\u00e9s"},"content":{"rendered":"<section class=\"wpb-content-wrapper\"><p>[vc_row css_animation=\u00a0\u00bb\u00a0\u00bb row_type=\u00a0\u00bbrow\u00a0\u00bb use_row_as_full_screen_section=\u00a0\u00bbno\u00a0\u00bb type=\u00a0\u00bbgrid\u00a0\u00bb angled_section=\u00a0\u00bbno\u00a0\u00bb text_align=\u00a0\u00bbleft\u00a0\u00bb background_image_as_pattern=\u00a0\u00bbwithout_pattern\u00a0\u00bb background_color=\u00a0\u00bb#ffffff\u00a0\u00bb padding_top=\u00a0\u00bb87&Prime; padding_bottom=\u00a0\u00bb34&Prime;][vc_column][vc_separator type=\u00a0\u00bbtransparent\u00a0\u00bb up=\u00a0\u00bb26&Prime; down=\u00a0\u00bb0&Prime;][vc_column_text]<\/p>\n<h4 style=\"text-align: center;\">Notre exp\u00e9rience pendant toutes ces ann\u00e9es, nous permet la connaissance<\/h4>\n<h4 style=\"text-align: center;\">n\u00e9cessaire d&rsquo;offrir \u00e0 nos clients la meilleure option de maintenance de terrain de golf<\/h4>\n<h4 style=\"text-align: center;\">avec une \u00e9quipe de professionnels de haut niveau.<\/h4>\n<p>[\/vc_column_text][vc_separator type=\u00a0\u00bbtransparent\u00a0\u00bb up=\u00a0\u00bb31&Prime; down=\u00a0\u00bb22&Prime;][vc_separator type=\u00a0\u00bbtransparent\u00a0\u00bb up=\u00a0\u00bb31&Prime; down=\u00a0\u00bb22&Prime;][vc_row_inner row_type=\u00a0\u00bbrow\u00a0\u00bb type=\u00a0\u00bbfull_width\u00a0\u00bb text_align=\u00a0\u00bbleft\u00a0\u00bb css_animation=\u00a0\u00bb\u00a0\u00bb][vc_column_inner width=\u00a0\u00bb1\/4&Prime;][vc_column_text]<\/p>\n<h4 style=\"text-align: left;\"><strong>ALICANTE:<\/strong><\/h4>\n<p style=\"text-align: left;\"><strong>VILLAMART\u00cdN GOLF CLUB <\/strong>\u2013 Orihuela<\/p>\n<p style=\"text-align: left;\"><strong>BONALBA GOLF RESORT <\/strong>&#8211; Mutxamel<\/p>\n<p style=\"text-align: left;\"><strong>MELI\u00c3 VILLAITANA GOLF CLUB <\/strong>&#8211; Benidorm<\/p>\n<p style=\"text-align: left;\"><strong>LAS REJAS BENIDORM <\/strong>&#8211; Benidorm<\/p>\n<p>[\/vc_column_text][\/vc_column_inner][vc_column_inner width=\u00a0\u00bb1\/4&Prime;][vc_column_text]<\/p>\n<h4 style=\"text-align: left;\"><strong>ALMER\u00cdA:<\/strong><\/h4>\n<p style=\"text-align: left;\"><strong>MARINA GOLF MOJ\u00c1CAR <\/strong>&#8211; Moj\u00e1car<\/p>\n<p style=\"text-align: left;\"><strong>GOLF ALMERIMAR <\/strong>&#8211; El Ejido<\/p>\n<p style=\"text-align: left;\"><strong>ALBOR\u00c1N GOLF <\/strong>&#8211; El Toyo<\/p>\n<p>[\/vc_column_text][\/vc_column_inner][vc_column_inner width=\u00a0\u00bb1\/4&Prime;][vc_column_text]<\/p>\n<h4 style=\"text-align: left;\"><strong>ASTURIAS:<\/strong><\/h4>\n<p style=\"text-align: left;\"><strong>CAMPO DE GOLF CIERRO GRANDE <\/strong>&#8211; Rapalcuarto, Tapia de Casariego<\/p>\n<p style=\"text-align: left;\"><strong>\u00a0<\/strong><\/p>\n<p>[\/vc_column_text][\/vc_column_inner][vc_column_inner width=\u00a0\u00bb1\/4&Prime;][vc_column_text]<\/p>\n<h4 style=\"text-align: left;\"><strong>CANARIAS: <\/strong><\/h4>\n<p><strong>MASPALOMAS GOLF <\/strong>&#8211; Maspalomas, Las Palmas de Gran Canaria[\/vc_column_text][\/vc_column_inner][\/vc_row_inner][vc_separator type=\u00a0\u00bbtransparent\u00a0\u00bb up=\u00a0\u00bb31&Prime; down=\u00a0\u00bb22&Prime;][vc_row_inner row_type=\u00a0\u00bbrow\u00a0\u00bb type=\u00a0\u00bbfull_width\u00a0\u00bb text_align=\u00a0\u00bbleft\u00a0\u00bb css_animation=\u00a0\u00bb\u00a0\u00bb][vc_column_inner width=\u00a0\u00bb1\/4&Prime;][vc_column_text]<\/p>\n<h4 style=\"text-align: left;\"><strong>CASTELL\u00d3N<\/strong>:<\/h4>\n<p style=\"text-align: left;\"><strong>CLUB DE CAMPO DEL MEDITERR\u00c1NEO<\/strong> \u2013 Borriol<\/p>\n<p style=\"text-align: left;\"><strong>PITCH &amp; PUTT NOVA PANORAMICA <\/strong>&#8211; Vinaroz<\/p>\n<p>[\/vc_column_text][\/vc_column_inner][vc_column_inner width=\u00a0\u00bb1\/4&Prime;][vc_column_text]<\/p>\n<h4 style=\"text-align: left;\"><strong>GUADALAJARA:<\/strong><\/h4>\n<p><strong>GOLF VALDELUZ <\/strong>&#8211; Yebes<\/p>\n<p>[\/vc_column_text][\/vc_column_inner][vc_column_inner width=\u00a0\u00bb1\/4&Prime;][vc_column_text]<\/p>\n<h4 style=\"text-align: left;\"><strong>ISLAS BALEARES<\/strong>:<\/h4>\n<p><strong>GOLF SON VIDA<\/strong> &#8211; Palma de Mallorca<\/p>\n<p><strong>GOLF SON MUNTANER <\/strong>&#8211; Palma de Mallorca<\/p>\n<p><strong>GOLF SON QUINT<\/strong> &#8211; Palma de Mallorca[\/vc_column_text][\/vc_column_inner][vc_column_inner width=\u00a0\u00bb1\/4&Prime;][vc_column_text]<\/p>\n<h4 style=\"text-align: left;\"><strong>MADRID:<\/strong><\/h4>\n<p><strong>C.D.S.C<\/strong><strong>.E.A. BARBER\u00c1N Y COLLAR <\/strong>&#8211; Madrid<\/p>\n<p><strong>CIUDAD DEPORTIVA JUAN ANTONIO SAMARANCH <\/strong>&#8211; Colmenar Viejo<\/p>\n<p><strong>GOLF LA MORALEJA \u201cCAMPO 3<\/strong>\u201d &#8211; Algete<\/p>\n<p><strong>GOLF LA MORALEJA \u201cCAMPO 4\u201d <\/strong>&#8211; Algete<\/p>\n<p><strong>REAL CLUB DE LA PUERTA DE <\/strong><strong>HIERRO<\/strong><strong> \u201cSECCION 3\u201d <\/strong>&#8211; Madrid<\/p>\n<p style=\"text-align: left;\"><strong>\u00a0<\/strong><\/p>\n<p>[\/vc_column_text][\/vc_column_inner][\/vc_row_inner][vc_separator type=\u00a0\u00bbtransparent\u00a0\u00bb up=\u00a0\u00bb31&Prime; down=\u00a0\u00bb22&Prime;][vc_row_inner row_type=\u00a0\u00bbrow\u00a0\u00bb type=\u00a0\u00bbfull_width\u00a0\u00bb text_align=\u00a0\u00bbleft\u00a0\u00bb css_animation=\u00a0\u00bb\u00a0\u00bb][vc_column_inner width=\u00a0\u00bb1\/4&Prime;][vc_column_text]<\/p>\n<h4 style=\"text-align: left;\"><strong>MURCIA:<\/strong><\/h4>\n<p><strong>REAL GOLF LA MANGA CLUB \u201cCAMPO SUR\u201d <\/strong>&#8211; Los Belones<\/p>\n<p><strong>REAL GOLF LA MANGA CLUB \u201cCAMPO NORTE\u201d <\/strong>&#8211; Los Belones<\/p>\n<p><strong>HACIENDA DEL \u00c1LAMO GOLF RESORT <\/strong>&#8211; Fuente \u00c1lamo[\/vc_column_text][\/vc_column_inner][vc_column_inner width=\u00a0\u00bb1\/4&Prime;][vc_column_text]<\/p>\n<h4 style=\"text-align: left;\"><strong>PONTEVEDRA:<\/strong><\/h4>\n<p><strong>GOLF LA TOJA <\/strong>&#8211; Isla de la Toja, O\u2019Grove[\/vc_column_text][\/vc_column_inner][vc_column_inner width=\u00a0\u00bb1\/4&Prime;][vc_column_text]<\/p>\n<h4 style=\"text-align: left;\"><strong>PORTUGAL:<\/strong><\/h4>\n<p><strong>GOLF ROYAL \u00d3BIDOS <\/strong>&#8211; \u00d3bidos[\/vc_column_text][\/vc_column_inner][vc_column_inner width=\u00a0\u00bb1\/4&Prime;][vc_column_text]<\/p>\n<h4 style=\"text-align: left;\"><strong>SEGOVIA:<\/strong><\/h4>\n<p><strong>ESCUELA DE GOLF \u00c1NGELES DE SAN RAFAEL <\/strong>&#8211; San Rafael<\/p>\n<p style=\"text-align: left;\"><strong>\u00a0<\/strong><\/p>\n<p>[\/vc_column_text][\/vc_column_inner][\/vc_row_inner][vc_separator type=\u00a0\u00bbtransparent\u00a0\u00bb up=\u00a0\u00bb31&Prime; down=\u00a0\u00bb22&Prime;][vc_row_inner row_type=\u00a0\u00bbrow\u00a0\u00bb type=\u00a0\u00bbfull_width\u00a0\u00bb text_align=\u00a0\u00bbleft\u00a0\u00bb css_animation=\u00a0\u00bb\u00a0\u00bb][vc_column_inner width=\u00a0\u00bb1\/4&Prime;][vc_column_text]<\/p>\n<h4 style=\"text-align: left;\"><strong>VALENCIA<\/strong>:<\/h4>\n<p><strong>CLUB DE GOLF ESCORPI\u00d3N <\/strong>&#8211; B\u00e9tera[\/vc_column_text][\/vc_column_inner][vc_column_inner width=\u00a0\u00bb1\/4&Prime;][vc_column_text]<\/p>\n<h4 style=\"text-align: left;\"><strong>ZARAGOZA:<\/strong><\/h4>\n<p><strong>ESCUELA DE GOLF RANILLAS <\/strong>&#8211; Zaragoza[\/vc_column_text][\/vc_column_inner][vc_column_inner width=\u00a0\u00bb1\/4&Prime;][\/vc_column_inner][vc_column_inner width=\u00a0\u00bb1\/4&Prime;][\/vc_column_inner][\/vc_row_inner][vc_separator type=\u00a0\u00bbtransparent\u00a0\u00bb up=\u00a0\u00bb31&Prime; down=\u00a0\u00bb22&Prime;][\/vc_column][\/vc_row][vc_row css_animation=\u00a0\u00bb\u00a0\u00bb row_type=\u00a0\u00bbrow\u00a0\u00bb use_row_as_full_screen_section=\u00a0\u00bbno\u00a0\u00bb type=\u00a0\u00bbgrid\u00a0\u00bb angled_section=\u00a0\u00bbno\u00a0\u00bb text_align=\u00a0\u00bbleft\u00a0\u00bb background_image_as_pattern=\u00a0\u00bbwithout_pattern\u00a0\u00bb background_color=\u00a0\u00bb#f6f6f6&Prime; border_color=\u00a0\u00bb#f6f6f6&Prime; padding_top=\u00a0\u00bb77&Prime; padding_bottom=\u00a0\u00bb48&Prime; z_index=\u00a0\u00bb\u00a0\u00bb][vc_column width=\u00a0\u00bb1\/2&Prime;][vc_separator type=\u00a0\u00bbtransparent\u00a0\u00bb up=\u00a0\u00bb12&Prime; down=\u00a0\u00bb0&Prime;][vc_column_text]<\/p>\n<h2>GOLF LA MORALEJA Y REAL CLUB DE LA PUERTA DE HIERRO MAINTENANCES<\/h2>\n<p>[\/vc_column_text][vc_separator type=\u00a0\u00bbsmall\u00a0\u00bb position=\u00a0\u00bbleft\u00a0\u00bb up=\u00a0\u00bb18&Prime; down=\u00a0\u00bb38&Prime;][vc_column_text]<\/p>\n<h5 style=\"color: #252525;\"><strong>Golf La Moraleja<\/strong><\/h5>\n<p>Nous maintenons l&rsquo;entretien des champs 3 et 4 de Golf la Moraleja. Field 3 a re\u00e7u en 2017 le prestigieux <strong>prix du World of Leading Golf Awards (WLG)<\/strong> pour le prix \u00ab<em>Meilleur parcours 2017 du monde des principaux prix de golf<\/em>\u00bb.[\/vc_column_text][vc_separator type=\u00a0\u00bbtransparent\u00a0\u00bb up=\u00a0\u00bb11&Prime; down=\u00a0\u00bb0&Prime;][vc_column_text]<\/p>\n<h5 style=\"color: #252525;\"><strong>Real Club de la Puerta de Hierro<\/strong><\/h5>\n<p>Nous r\u00e9alisons l&rsquo;entretien de la section 3 du Real Club de la Puerta de Hierro.[\/vc_column_text][vc_separator type=\u00a0\u00bbtransparent\u00a0\u00bb up=\u00a0\u00bb41&Prime; down=\u00a0\u00bb0&Prime;][\/vc_column][vc_column width=\u00a0\u00bb1\/2&Prime;][vc_row_inner row_type=\u00a0\u00bbrow\u00a0\u00bb type=\u00a0\u00bbfull_width\u00a0\u00bb text_align=\u00a0\u00bbright\u00a0\u00bb css_animation=\u00a0\u00bb\u00a0\u00bb][vc_column_inner width=\u00a0\u00bb1\/2&Prime;][vc_single_image image=\u00a0\u00bb15469&Prime; img_size=\u00a0\u00bbfull\u00a0\u00bb alignment=\u00a0\u00bbcenter\u00a0\u00bb qode_css_animation=\u00a0\u00bbelement_from_left\u00a0\u00bb transition_delay=\u00a0\u00bb0.3&Prime;][vc_separator type=\u00a0\u00bbtransparent\u00a0\u00bb up=\u00a0\u00bb21&Prime; down=\u00a0\u00bb0&Prime;][\/vc_column_inner][vc_column_inner width=\u00a0\u00bb1\/2&Prime;][vc_single_image image=\u00a0\u00bb15651&Prime; img_size=\u00a0\u00bbfull\u00a0\u00bb alignment=\u00a0\u00bbcenter\u00a0\u00bb qode_css_animation=\u00a0\u00bbelement_from_left\u00a0\u00bb transition_delay=\u00a0\u00bb0.3&Prime;][vc_separator type=\u00a0\u00bbtransparent\u00a0\u00bb up=\u00a0\u00bb21&Prime; down=\u00a0\u00bb0&Prime;][\/vc_column_inner][\/vc_row_inner][vc_separator type=\u00a0\u00bbtransparent\u00a0\u00bb up=\u00a0\u00bb29&Prime; down=\u00a0\u00bb0&Prime;][\/vc_column][\/vc_row][vc_row css_animation=\u00a0\u00bb\u00a0\u00bb row_type=\u00a0\u00bbrow\u00a0\u00bb use_row_as_full_screen_section=\u00a0\u00bbno\u00a0\u00bb type=\u00a0\u00bbfull_width\u00a0\u00bb anchor=\u00a0\u00bbgallery\u00a0\u00bb angled_section=\u00a0\u00bbno\u00a0\u00bb text_align=\u00a0\u00bbleft\u00a0\u00bb background_image_as_pattern=\u00a0\u00bbwithout_pattern\u00a0\u00bb background_color=\u00a0\u00bb#ffffff\u00a0\u00bb border_color=\u00a0\u00bb#ffffff\u00a0\u00bb z_index=\u00a0\u00bb\u00a0\u00bb][vc_column][vc_gmaps link=\u00a0\u00bb#E-8_JTNDaWZyYW1lJTIwc3JjJTNEJTIyaHR0cHMlM0ElMkYlMkZ3d3cuZ29vZ2xlLmNvbSUyRm1hcHMlMkZkJTJGZW1iZWQlM0ZtaWQlM0QxQ1ZsNEFqRTctYUp3aXdFYURtSEVLZFJjLUpaZVRmdV8lMjIlMjB3aWR0aCUzRCUyMjY0MCUyMiUyMGhlaWdodCUzRCUyMjQ4MCUyMiUzRSUzQyUyRmlmcmFtZSUzRQ==\u00a0\u00bb][\/vc_column][\/vc_row][vc_row css_animation=\u00a0\u00bb\u00a0\u00bb row_type=\u00a0\u00bbrow\u00a0\u00bb use_row_as_full_screen_section=\u00a0\u00bbno\u00a0\u00bb type=\u00a0\u00bbfull_width\u00a0\u00bb angled_section=\u00a0\u00bbno\u00a0\u00bb text_align=\u00a0\u00bbleft\u00a0\u00bb background_image_as_pattern=\u00a0\u00bbwithout_pattern\u00a0\u00bb][vc_column][vc_column_text]<\/p>\n<p>[\/vc_column_text][\/vc_column][\/vc_row]<\/p>\n<\/section>","protected":false},"excerpt":{"rendered":"<p>[vc_row css_animation=\u00a0\u00bb\u00a0\u00bb row_type=\u00a0\u00bbrow\u00a0\u00bb use_row_as_full_screen_section=\u00a0\u00bbno\u00a0\u00bb type=\u00a0\u00bbgrid\u00a0\u00bb angled_section=\u00a0\u00bbno\u00a0\u00bb text_align=\u00a0\u00bbleft\u00a0\u00bb background_image_as_pattern=\u00a0\u00bbwithout_pattern\u00a0\u00bb background_color=\u00a0\u00bb#ffffff\u00a0\u00bb padding_top=\u00a0\u00bb87&Prime; padding_bottom=\u00a0\u00bb34&Prime;][vc_column][vc_separator type=\u00a0\u00bbtransparent\u00a0\u00bb up=\u00a0\u00bb26&Prime; down=\u00a0\u00bb0&Prime;][vc_column_text] Notre exp\u00e9rience pendant toutes ces ann\u00e9es, nous permet la connaissance n\u00e9cessaire d&rsquo;offrir \u00e0 nos clients la meilleure option de maintenance de terrain de golf avec une \u00e9quipe de professionnels de haut&#8230;<\/p>\n","protected":false},"author":1,"featured_media":0,"parent":0,"menu_order":0,"comment_status":"open","ping_status":"open","template":"full_width.php","meta":{"_acf_changed":false,"footnotes":""},"class_list":["post-15243","page","type-page","status-publish","hentry"],"translation":{"provider":"WPGlobus","version":"3.0.0","language":"fr","enabled_languages":["es","en","fr"],"languages":{"es":{"title":true,"content":true,"excerpt":false},"en":{"title":true,"content":true,"excerpt":false},"fr":{"title":true,"content":true,"excerpt":false}}},"acf":[],"_links":{"self":[{"href":"https:\/\/gardengolf.eu\/fr\/wp-json\/wp\/v2\/pages\/15243","targetHints":{"allow":["GET"]}}],"collection":[{"href":"https:\/\/gardengolf.eu\/fr\/wp-json\/wp\/v2\/pages"}],"about":[{"href":"https:\/\/gardengolf.eu\/fr\/wp-json\/wp\/v2\/types\/page"}],"author":[{"embeddable":true,"href":"https:\/\/gardengolf.eu\/fr\/wp-json\/wp\/v2\/users\/1"}],"replies":[{"embeddable":true,"href":"https:\/\/gardengolf.eu\/fr\/wp-json\/wp\/v2\/comments?post=15243"}],"version-history":[{"count":52,"href":"https:\/\/gardengolf.eu\/fr\/wp-json\/wp\/v2\/pages\/15243\/revisions"}],"predecessor-version":[{"id":16006,"href":"https:\/\/gardengolf.eu\/fr\/wp-json\/wp\/v2\/pages\/15243\/revisions\/16006"}],"wp:attachment":[{"href":"https:\/\/gardengolf.eu\/fr\/wp-json\/wp\/v2\/media?parent=15243"}],"curies":[{"name":"wp","href":"https:\/\/api.w.org\/{rel}","templated":true}]}}